
{"id":83034,"date":"2025-12-23T14:27:04","date_gmt":"2025-12-23T13:27:04","guid":{"rendered":"https:\/\/kikotest.gali-link.com\/Kiko\/?post_type=product&#038;p=83034"},"modified":"2026-02-06T12:50:21","modified_gmt":"2026-02-06T11:50:21","slug":"bright-lift-mask","status":"publish","type":"product","link":"https:\/\/kikotest.gali-link.com\/Kiko\/produit\/bright-lift-mask\/","title":{"rendered":"Bright Lift Mask"},"content":{"rendered":"<p>Masque lifting intensif au collag\u00e8ne marin: assure un effet lifting instantan\u00e9, att\u00e9nue les signes de fatigue, r\u00e9v\u00e8le une peau plus lumineuse et jeune. L&rsquo;argile blanche exerce une action revitalisante, tandis que l&rsquo;oxyde de zinc poss\u00e8de des propri\u00e9t\u00e9s astringentes. De plus, la formule contient du collag\u00e8ne marin qui contribue \u00e0 am\u00e9liorer l&rsquo;\u00e9lasticit\u00e9 de votre peau. Sa texture est douce et soyeuse et d\u00e9gage un parfum d\u00e9licat de cam\u00e9lia et de rose. Tous types de peau.  Test\u00e9 sous contr\u00f4le dermatologique. Non com\u00e9dog\u00e8ne. * R\u00e9sultats de tests cliniques instrumentaux r\u00e9alis\u00e9s sur 20 femmes ayant utilis\u00e9 Bright Lift Mask pendant 28 jours **hydratation des couches sup\u00e9rieures de l&rsquo;\u00e9piderme<\/p>\n","protected":false},"excerpt":{"rendered":"<p>Masque lifting intensif au collag\u00e8ne marin<\/p>\n","protected":false},"featured_media":93451,"comment_status":"open","ping_status":"closed","template":"","meta":{"_acf_changed":false,"site-sidebar-layout":"default","site-content-layout":"","ast-site-content-layout":"default","site-content-style":"default","site-sidebar-style":"default","ast-global-header-display":"","ast-banner-title-visibility":"","ast-main-header-display":"","ast-hfb-above-header-display":"","ast-hfb-below-header-display":"","ast-hfb-mobile-header-display":"","site-post-title":"","ast-breadcrumbs-content":"","ast-featured-img":"","footer-sml-layout":"","theme-transparent-header-meta":"","adv-header-id-meta":"","stick-header-meta":"","header-above-stick-meta":"","header-main-stick-meta":"","header-below-stick-meta":"","astra-migrate-meta-layouts":"set","ast-page-background-enabled":"default","ast-page-background-meta":{"desktop":{"background-color":"var(--ast-global-color-4)","background-image":"","background-repeat":"repeat","background-position":"center center","background-size":"auto","background-attachment":"scroll","background-type":"","background-media":"","overlay-type":"","overlay-color":"","overlay-opacity":"","overlay-gradient":""},"tablet":{"background-color":"","background-image":"","background-repeat":"repeat","background-position":"center center","background-size":"auto","background-attachment":"scroll","background-type":"","background-media":"","overlay-type":"","overlay-color":"","overlay-opacity":"","overlay-gradient":""},"mobile":{"background-color":"","background-image":"","background-repeat":"repeat","background-position":"center center","background-size":"auto","background-attachment":"scroll","background-type":"","background-media":"","overlay-type":"","overlay-color":"","overlay-opacity":"","overlay-gradient":""}},"ast-content-background-meta":{"desktop":{"background-color":"var(--ast-global-color-5)","background-image":"","background-repeat":"repeat","background-position":"center center","background-size":"auto","background-attachment":"scroll","background-type":"","background-media":"","overlay-type":"","overlay-color":"","overlay-opacity":"","overlay-gradient":""},"tablet":{"background-color":"var(--ast-global-color-5)","background-image":"","background-repeat":"repeat","background-position":"center center","background-size":"auto","background-attachment":"scroll","background-type":"","background-media":"","overlay-type":"","overlay-color":"","overlay-opacity":"","overlay-gradient":""},"mobile":{"background-color":"var(--ast-global-color-5)","background-image":"","background-repeat":"repeat","background-position":"center center","background-size":"auto","background-attachment":"scroll","background-type":"","background-media":"","overlay-type":"","overlay-color":"","overlay-opacity":"","overlay-gradient":""}}},"product_brand":[],"product_cat":[15504,15512,15513],"product_tag":[],"class_list":{"0":"post-83034","1":"product","2":"type-product","3":"status-publish","4":"has-post-thumbnail","6":"product_cat-soin","7":"product_cat-masques","8":"product_cat-masques-visage","9":"desktop-align-left","10":"tablet-align-left","11":"mobile-align-left","13":"first","14":"instock","15":"shipping-taxable","16":"purchasable","17":"product-type-simple"},"acf":{"quantite":"0 g","fabrication":"FABRIQUE EN ITALIE","validite":"6 Mois","image1":null,"image2":null,"image3":null,"resultats":"Assure un effet lifting instantan\u00e9 et att\u00e9nue les signes de fatigue. Votre peau est plus lumineuse et \u00e9lastique.","comment":"Appliquez sur une peau propre et s\u00e8che, laissez poser 10 \u00e0 15 minutes, puis retirez avec soin. Utilisez 1 \u00e0 2 fois par semaine. Nous vous conseillons de retirer le masque \u00e0 l'aide d'une \u00e9ponge en cellulose naturelle Cleansing Sponges. Appliquez ensuite votre soin habituel. Pr\u00e9cautions : Le produit contient des alpha-hydroxy-acides qui pourraient augmenter la photosensibilit\u00e9 cutan\u00e9e et notamment le risque d'\u00e9ryth\u00e8mes. Utiliser une protection solaire, porter des v\u00eatements adapt\u00e9s pour se prot\u00e9ger du soleil et \u00e9viter l'exposition pendant le soin et la semaine qui suit.","ingredients":"INGREDIENTS: AQUA (WATER\/EAU), PVP, GLYCERIN, CETEARYL ALCOHOL, CI 77947 (ZINC OXIDE), HYDROXYETHYLCELLULOSE, KAOLIN, CI 77891 (TITA NIUM DIOXIDE), PENTAERYTHRITYL TETRAISOSTEARATE, CETEARETH-20, PHENOXYETHANOL, LACTIC ACID, HYDROXYPROPYL GUAR, CAPRYLYL GLYCOL, SOD IUM POLYACRYLATE, ETHYLHEXYLGLYCERIN, HEXYLENE GLYCOL, ASCORBYL TETRAISOPALMITATE, PARFUM (FRAGRANCE), SILICA DIMETHYL SILYLATE, PEN TYLENE GLYCOL, BUTYLENE GLYCOL, SODIUM CHONDROITIN SULFATE, ATELOCOLLAGEN, CITRONELLOL, LIMONENE.","mise_au_rebut":"","VariantFamilyCode":"","reference":"","date_derniere_sync_navision":null,"_is_synced_navision":false},"_links":{"self":[{"href":"https:\/\/kikotest.gali-link.com\/Kiko\/wp-json\/wp\/v2\/product\/83034","targetHints":{"allow":["GET"]}}],"collection":[{"href":"https:\/\/kikotest.gali-link.com\/Kiko\/wp-json\/wp\/v2\/product"}],"about":[{"href":"https:\/\/kikotest.gali-link.com\/Kiko\/wp-json\/wp\/v2\/types\/product"}],"replies":[{"embeddable":true,"href":"https:\/\/kikotest.gali-link.com\/Kiko\/wp-json\/wp\/v2\/comments?post=83034"}],"wp:featuredmedia":[{"embeddable":true,"href":"https:\/\/kikotest.gali-link.com\/Kiko\/wp-json\/wp\/v2\/media\/93451"}],"wp:attachment":[{"href":"https:\/\/kikotest.gali-link.com\/Kiko\/wp-json\/wp\/v2\/media?parent=83034"}],"wp:term":[{"taxonomy":"product_brand","embeddable":true,"href":"https:\/\/kikotest.gali-link.com\/Kiko\/wp-json\/wp\/v2\/product_brand?post=83034"},{"taxonomy":"product_cat","embeddable":true,"href":"https:\/\/kikotest.gali-link.com\/Kiko\/wp-json\/wp\/v2\/product_cat?post=83034"},{"taxonomy":"product_tag","embeddable":true,"href":"https:\/\/kikotest.gali-link.com\/Kiko\/wp-json\/wp\/v2\/product_tag?post=83034"}],"curies":[{"name":"wp","href":"https:\/\/api.w.org\/{rel}","templated":true}]}}