
{"id":83079,"date":"2025-12-23T14:27:30","date_gmt":"2025-12-23T13:27:30","guid":{"rendered":"https:\/\/kikotest.gali-link.com\/Kiko\/?post_type=product&#038;p=83079"},"modified":"2026-02-24T13:17:56","modified_gmt":"2026-02-24T12:17:56","slug":"candy-crush-sparkle-lip-gloss","status":"publish","type":"product","link":"https:\/\/kikotest.gali-link.com\/Kiko\/produit\/candy-crush-sparkle-lip-gloss\/","title":{"rendered":"Candy Crush\u2122 Sparkle Lip Gloss"},"content":{"rendered":"<p>Un univers de douceur et de brillance auquel vous ne pourrez pas r\u00e9sister. Un brillant \u00e0 l\u00e8vres au fini ultra-brillant qui prend soin de vos l\u00e8vres \u00e0 chaque passage. Inspir\u00e9 du jeu de bonbons le plus c\u00e9l\u00e8bre au monde, il est id\u00e9al pour obtenir des sourires sublimes et des combos l\u00e8vres \u00e9poustouflants. Pourquoi ce produit est irr\u00e9sistible: -Sa texture riche et enveloppante habille les l\u00e8vres d&rsquo;une couleur iris\u00e9e et d&rsquo;une cascade de reflets. -Les l\u00e8vres sont douces et \u00e9clatantes, sans sensation collante. -Il peut se porter seul ou en top coat \u00e0 l&rsquo;effet holographique \u00e9blouissant. -Il est dot\u00e9 d&rsquo;un applicateur mousse qui le rend tr\u00e8s pratique.<\/p>\n","protected":false},"excerpt":{"rendered":"<p>Brillant \u00e0 l\u00e8vres ultra-brillant<\/p>\n","protected":false},"featured_media":100540,"comment_status":"open","ping_status":"closed","template":"","meta":{"_acf_changed":false,"site-sidebar-layout":"default","site-content-layout":"","ast-site-content-layout":"default","site-content-style":"default","site-sidebar-style":"default","ast-global-header-display":"","ast-banner-title-visibility":"","ast-main-header-display":"","ast-hfb-above-header-display":"","ast-hfb-below-header-display":"","ast-hfb-mobile-header-display":"","site-post-title":"","ast-breadcrumbs-content":"","ast-featured-img":"","footer-sml-layout":"","theme-transparent-header-meta":"","adv-header-id-meta":"","stick-header-meta":"","header-above-stick-meta":"","header-main-stick-meta":"","header-below-stick-meta":"","astra-migrate-meta-layouts":"set","ast-page-background-enabled":"default","ast-page-background-meta":{"desktop":{"background-color":"var(--ast-global-color-4)","background-image":"","background-repeat":"repeat","background-position":"center center","background-size":"auto","background-attachment":"scroll","background-type":"","background-media":"","overlay-type":"","overlay-color":"","overlay-opacity":"","overlay-gradient":""},"tablet":{"background-color":"","background-image":"","background-repeat":"repeat","background-position":"center center","background-size":"auto","background-attachment":"scroll","background-type":"","background-media":"","overlay-type":"","overlay-color":"","overlay-opacity":"","overlay-gradient":""},"mobile":{"background-color":"","background-image":"","background-repeat":"repeat","background-position":"center center","background-size":"auto","background-attachment":"scroll","background-type":"","background-media":"","overlay-type":"","overlay-color":"","overlay-opacity":"","overlay-gradient":""}},"ast-content-background-meta":{"desktop":{"background-color":"var(--ast-global-color-5)","background-image":"","background-repeat":"repeat","background-position":"center center","background-size":"auto","background-attachment":"scroll","background-type":"","background-media":"","overlay-type":"","overlay-color":"","overlay-opacity":"","overlay-gradient":""},"tablet":{"background-color":"var(--ast-global-color-5)","background-image":"","background-repeat":"repeat","background-position":"center center","background-size":"auto","background-attachment":"scroll","background-type":"","background-media":"","overlay-type":"","overlay-color":"","overlay-opacity":"","overlay-gradient":""},"mobile":{"background-color":"var(--ast-global-color-5)","background-image":"","background-repeat":"repeat","background-position":"center center","background-size":"auto","background-attachment":"scroll","background-type":"","background-media":"","overlay-type":"","overlay-color":"","overlay-opacity":"","overlay-gradient":""}}},"product_brand":[],"product_cat":[15401,15408,15409],"product_tag":[],"class_list":{"0":"post-83079","1":"product","2":"type-product","3":"status-publish","4":"has-post-thumbnail","6":"product_cat-maquillage","7":"product_cat-levres","8":"product_cat-gloss-a-levres","9":"desktop-align-left","10":"tablet-align-left","11":"mobile-align-left","13":"first","14":"instock","15":"sale","16":"shipping-taxable","17":"purchasable","18":"product-type-variable","19":"has-default-attributes"},"acf":{"quantite":"3,8 ml","fabrication":"FABRIQUE EN ITALIE","validite":"18 Mois","image1":null,"image2":null,"image3":null,"resultats":"Le secret de l\u00e8vres belles et brillantes, comme recouvertes d'un gla\u00e7age d\u00e9licat La texture tr\u00e8s confortable et scintillante du brillant \u00e0 l\u00e8vres donne un r\u00e9sultat inratable.","comment":"Utilisez l'applicateur mousse pour appliquer le produit directement sur les l\u00e8vres, du centre vers les commissures.","ingredients":"REF 01  INGREDIENTS: POLYBUTENE, TRIDECYL TRIMELLITATE, OCTYLDODECYL STEAROYL STEARATE, ISOCETYL STEARATE, SILICA DIMETHYL SILYLATE , CALCIUM SODIUM BOROSILICATE, DIISOSTEARYL MALATE, SYNTHETIC FLUORPHLOGOPITE, TOCOPHERYL ACETATE, PENTAERYTHRITYL TETRA-DI-T-BUTYL HYDROXYHYDROCINNAMATE, PENTAERYTHRITYL TETRAISOSTEARATE, TIN OXIDE. +\/- (MAY CONTAIN) CI 77891 (TITANIUM DIOXIDE), CI 15850 (RED 7),  CI 19140 (YELLOW 5 LAKE), CI 45410 (RED 28 LAKE).","mise_au_rebut":"","VariantFamilyCode":"","reference":"","date_derniere_sync_navision":null,"_is_synced_navision":false},"_links":{"self":[{"href":"https:\/\/kikotest.gali-link.com\/Kiko\/wp-json\/wp\/v2\/product\/83079","targetHints":{"allow":["GET"]}}],"collection":[{"href":"https:\/\/kikotest.gali-link.com\/Kiko\/wp-json\/wp\/v2\/product"}],"about":[{"href":"https:\/\/kikotest.gali-link.com\/Kiko\/wp-json\/wp\/v2\/types\/product"}],"replies":[{"embeddable":true,"href":"https:\/\/kikotest.gali-link.com\/Kiko\/wp-json\/wp\/v2\/comments?post=83079"}],"wp:featuredmedia":[{"embeddable":true,"href":"https:\/\/kikotest.gali-link.com\/Kiko\/wp-json\/wp\/v2\/media\/100540"}],"wp:attachment":[{"href":"https:\/\/kikotest.gali-link.com\/Kiko\/wp-json\/wp\/v2\/media?parent=83079"}],"wp:term":[{"taxonomy":"product_brand","embeddable":true,"href":"https:\/\/kikotest.gali-link.com\/Kiko\/wp-json\/wp\/v2\/product_brand?post=83079"},{"taxonomy":"product_cat","embeddable":true,"href":"https:\/\/kikotest.gali-link.com\/Kiko\/wp-json\/wp\/v2\/product_cat?post=83079"},{"taxonomy":"product_tag","embeddable":true,"href":"https:\/\/kikotest.gali-link.com\/Kiko\/wp-json\/wp\/v2\/product_tag?post=83079"}],"curies":[{"name":"wp","href":"https:\/\/api.w.org\/{rel}","templated":true}]}}