
{"id":83097,"date":"2025-12-23T14:27:48","date_gmt":"2025-12-23T13:27:48","guid":{"rendered":"https:\/\/kikotest.gali-link.com\/Kiko\/?post_type=product&#038;p=83097"},"modified":"2026-02-24T13:17:56","modified_gmt":"2026-02-24T12:17:56","slug":"candy-crush-ultra-shimmer-lipstick","status":"publish","type":"product","link":"https:\/\/kikotest.gali-link.com\/Kiko\/produit\/candy-crush-ultra-shimmer-lipstick\/","title":{"rendered":"Candy Crush\u2122 Ultra-Shimmer Lipstick"},"content":{"rendered":"<p>La douceur envo\u00b9tante d&rsquo;un baume rencontre la brillance nacr\u00e9e pour cr\u00e9er un rouge \u00e0 l\u00e8vres ultra-brillant, pour de d\u00e9licieux combos l\u00e8vres. Inspir\u00e9 du jeu de bonbons le plus c\u00e9l\u00e8bre au monde, il enveloppe les l\u00e8vres et les recouvre de teintes de couleurs d&rsquo;un \u00e9clat infini. Pourquoi ce produit est irr\u00e9sistible: -Sa texture fondante glisse sur les l\u00e8vres pour un confort extr\u00eame. -Sa couleur est intense d\u00e8s la premi\u00e8re application. -Son design fin est id\u00e9al pour un r\u00e9sultat pr\u00e9cis. -Son fini irr\u00e9sistible sublime tous les sourires d&rsquo;un superbe effet nacr\u00e9. -&lsquo;blouissant seul, il peut \u00eatre associ\u00e9 au baume \u00e0 l\u00e8vres et au brillant \u00e0 l\u00e8vres de la m\u00eame collection pour cr\u00e9er une infinit\u00e9 de maquillages des l\u00e8vres.<\/p>\n","protected":false},"excerpt":{"rendered":"<p>Rouge \u00e0 l\u00e8vres ultra-brillant<\/p>\n","protected":false},"featured_media":94353,"comment_status":"open","ping_status":"closed","template":"","meta":{"_acf_changed":false,"site-sidebar-layout":"default","site-content-layout":"","ast-site-content-layout":"default","site-content-style":"default","site-sidebar-style":"default","ast-global-header-display":"","ast-banner-title-visibility":"","ast-main-header-display":"","ast-hfb-above-header-display":"","ast-hfb-below-header-display":"","ast-hfb-mobile-header-display":"","site-post-title":"","ast-breadcrumbs-content":"","ast-featured-img":"","footer-sml-layout":"","theme-transparent-header-meta":"","adv-header-id-meta":"","stick-header-meta":"","header-above-stick-meta":"","header-main-stick-meta":"","header-below-stick-meta":"","astra-migrate-meta-layouts":"set","ast-page-background-enabled":"default","ast-page-background-meta":{"desktop":{"background-color":"var(--ast-global-color-4)","background-image":"","background-repeat":"repeat","background-position":"center center","background-size":"auto","background-attachment":"scroll","background-type":"","background-media":"","overlay-type":"","overlay-color":"","overlay-opacity":"","overlay-gradient":""},"tablet":{"background-color":"","background-image":"","background-repeat":"repeat","background-position":"center center","background-size":"auto","background-attachment":"scroll","background-type":"","background-media":"","overlay-type":"","overlay-color":"","overlay-opacity":"","overlay-gradient":""},"mobile":{"background-color":"","background-image":"","background-repeat":"repeat","background-position":"center center","background-size":"auto","background-attachment":"scroll","background-type":"","background-media":"","overlay-type":"","overlay-color":"","overlay-opacity":"","overlay-gradient":""}},"ast-content-background-meta":{"desktop":{"background-color":"var(--ast-global-color-5)","background-image":"","background-repeat":"repeat","background-position":"center center","background-size":"auto","background-attachment":"scroll","background-type":"","background-media":"","overlay-type":"","overlay-color":"","overlay-opacity":"","overlay-gradient":""},"tablet":{"background-color":"var(--ast-global-color-5)","background-image":"","background-repeat":"repeat","background-position":"center center","background-size":"auto","background-attachment":"scroll","background-type":"","background-media":"","overlay-type":"","overlay-color":"","overlay-opacity":"","overlay-gradient":""},"mobile":{"background-color":"var(--ast-global-color-5)","background-image":"","background-repeat":"repeat","background-position":"center center","background-size":"auto","background-attachment":"scroll","background-type":"","background-media":"","overlay-type":"","overlay-color":"","overlay-opacity":"","overlay-gradient":""}}},"product_brand":[],"product_cat":[15401,15408,15412],"product_tag":[],"class_list":{"0":"post-83097","1":"product","2":"type-product","3":"status-publish","4":"has-post-thumbnail","6":"product_cat-maquillage","7":"product_cat-levres","8":"product_cat-rouges-a-levres","9":"desktop-align-left","10":"tablet-align-left","11":"mobile-align-left","13":"first","14":"instock","15":"sale","16":"shipping-taxable","17":"purchasable","18":"product-type-variable","19":"has-default-attributes"},"acf":{"quantite":"3,4 g","fabrication":"FABRIQUE EN ITALIE","validite":"18 Mois","image1":null,"image2":null,"image3":null,"resultats":"Une brillance envo\u00fbtante \u00e0 chaque sourire. Une texture cr\u00e9meuse et nacr\u00e9e dont vous ne pourrez tout simplement pas vous passer. Place aux l\u00e8vres ultra-\u00e9clatantes\u202f!","comment":"Appliquez le rouge \u00e0 l\u00e8vres directement sur vos l\u00e8vres, du centre vers les commissures.","ingredients":"PENTAERYTHRITYL TETRAISOSTEARATE, OCTYLDODECANOL, CALCIUM SODIUM BOROSILICATE, SYNTHETIC WAX, DIISOSTEARYL MALATE, CAPRYLIC\/CAPRIC T RIGLYCERIDE, POLYBUTENE, BIS-DIGLYCERYL POLYACYLADIPATE-2, DICALCIUM PHOSPHATE, BUTYROSPERMUM PARKII BUTTER (BUTYROSPERMUM PARKII (S HEA) BUTTER), POLYHYDROXYSTEARIC ACID, DISTEARDIMONIUM HECTORITE, SYNTHETIC FLUORPHLOGOPITE, PENTAERYTHRITYL TETRA-DI-T-BUTYL HYDROX YHYDROCINNAMATE, TIN OXIDE. +\/- (MAY CONTAIN): CI 77891 (TITANIUM DIOXIDE), CI 19140 (YELLOW 5 LAKE), CI 15850 (RED 7), CI 77491 (IR ON OXIDES), CI 77499 (IRON OXIDES).","mise_au_rebut":"","VariantFamilyCode":"","reference":"","date_derniere_sync_navision":null,"_is_synced_navision":false},"_links":{"self":[{"href":"https:\/\/kikotest.gali-link.com\/Kiko\/wp-json\/wp\/v2\/product\/83097","targetHints":{"allow":["GET"]}}],"collection":[{"href":"https:\/\/kikotest.gali-link.com\/Kiko\/wp-json\/wp\/v2\/product"}],"about":[{"href":"https:\/\/kikotest.gali-link.com\/Kiko\/wp-json\/wp\/v2\/types\/product"}],"replies":[{"embeddable":true,"href":"https:\/\/kikotest.gali-link.com\/Kiko\/wp-json\/wp\/v2\/comments?post=83097"}],"wp:featuredmedia":[{"embeddable":true,"href":"https:\/\/kikotest.gali-link.com\/Kiko\/wp-json\/wp\/v2\/media\/94353"}],"wp:attachment":[{"href":"https:\/\/kikotest.gali-link.com\/Kiko\/wp-json\/wp\/v2\/media?parent=83097"}],"wp:term":[{"taxonomy":"product_brand","embeddable":true,"href":"https:\/\/kikotest.gali-link.com\/Kiko\/wp-json\/wp\/v2\/product_brand?post=83097"},{"taxonomy":"product_cat","embeddable":true,"href":"https:\/\/kikotest.gali-link.com\/Kiko\/wp-json\/wp\/v2\/product_cat?post=83097"},{"taxonomy":"product_tag","embeddable":true,"href":"https:\/\/kikotest.gali-link.com\/Kiko\/wp-json\/wp\/v2\/product_tag?post=83097"}],"curies":[{"name":"wp","href":"https:\/\/api.w.org\/{rel}","templated":true}]}}