
{"id":83115,"date":"2025-12-23T14:28:03","date_gmt":"2025-12-23T13:28:03","guid":{"rendered":"https:\/\/kikotest.gali-link.com\/Kiko\/?post_type=product&#038;p=83115"},"modified":"2026-02-24T13:19:46","modified_gmt":"2026-02-24T12:19:46","slug":"colour-kajal","status":"publish","type":"product","link":"https:\/\/kikotest.gali-link.com\/Kiko\/produit\/colour-kajal\/","title":{"rendered":"Colour Kajal"},"content":{"rendered":"<p>Crayon kh\u00f4l pour l&rsquo;int\u00e9rieur de l&rsquo;\u00a3il. Kajal doux et cr\u00e9meux pour le bord interne de l&rsquo;\u00a3il. D\u00e9clin\u00e9e dans des teintes tendance, sa formule fondante et glissante garantit un maquillage graphique pr\u00e9cis, avec un rendu intense et imm\u00e9diat de la couleur. Ce crayon en bois pr\u00e9sente un bouchon color\u00e9 qui permet d&rsquo;identifier sa couleur au premier coup d&rsquo;\u00a3il. Disponible en 1 teinte noire et 10 teintes color\u00e9es.<\/p>\n","protected":false},"excerpt":{"rendered":"<p>Crayon kh\u00f4l pour l&rsquo;int\u00e9rieur de l&rsquo;\u0153il<\/p>\n","protected":false},"featured_media":100574,"comment_status":"open","ping_status":"closed","template":"","meta":{"_acf_changed":false,"site-sidebar-layout":"default","site-content-layout":"","ast-site-content-layout":"default","site-content-style":"default","site-sidebar-style":"default","ast-global-header-display":"","ast-banner-title-visibility":"","ast-main-header-display":"","ast-hfb-above-header-display":"","ast-hfb-below-header-display":"","ast-hfb-mobile-header-display":"","site-post-title":"","ast-breadcrumbs-content":"","ast-featured-img":"","footer-sml-layout":"","theme-transparent-header-meta":"","adv-header-id-meta":"","stick-header-meta":"","header-above-stick-meta":"","header-main-stick-meta":"","header-below-stick-meta":"","astra-migrate-meta-layouts":"set","ast-page-background-enabled":"default","ast-page-background-meta":{"desktop":{"background-color":"var(--ast-global-color-4)","background-image":"","background-repeat":"repeat","background-position":"center center","background-size":"auto","background-attachment":"scroll","background-type":"","background-media":"","overlay-type":"","overlay-color":"","overlay-opacity":"","overlay-gradient":""},"tablet":{"background-color":"","background-image":"","background-repeat":"repeat","background-position":"center center","background-size":"auto","background-attachment":"scroll","background-type":"","background-media":"","overlay-type":"","overlay-color":"","overlay-opacity":"","overlay-gradient":""},"mobile":{"background-color":"","background-image":"","background-repeat":"repeat","background-position":"center center","background-size":"auto","background-attachment":"scroll","background-type":"","background-media":"","overlay-type":"","overlay-color":"","overlay-opacity":"","overlay-gradient":""}},"ast-content-background-meta":{"desktop":{"background-color":"var(--ast-global-color-5)","background-image":"","background-repeat":"repeat","background-position":"center center","background-size":"auto","background-attachment":"scroll","background-type":"","background-media":"","overlay-type":"","overlay-color":"","overlay-opacity":"","overlay-gradient":""},"tablet":{"background-color":"var(--ast-global-color-5)","background-image":"","background-repeat":"repeat","background-position":"center center","background-size":"auto","background-attachment":"scroll","background-type":"","background-media":"","overlay-type":"","overlay-color":"","overlay-opacity":"","overlay-gradient":""},"mobile":{"background-color":"var(--ast-global-color-5)","background-image":"","background-repeat":"repeat","background-position":"center center","background-size":"auto","background-attachment":"scroll","background-type":"","background-media":"","overlay-type":"","overlay-color":"","overlay-opacity":"","overlay-gradient":""}}},"product_brand":[],"product_cat":[15401,15402,15578],"product_tag":[],"class_list":{"0":"post-83115","1":"product","2":"type-product","3":"status-publish","4":"has-post-thumbnail","6":"product_cat-maquillage","7":"product_cat-yeux","8":"product_cat-crayons-pour-les-yeux","9":"desktop-align-left","10":"tablet-align-left","11":"mobile-align-left","13":"first","14":"instock","15":"shipping-taxable","16":"purchasable","17":"product-type-variable","18":"has-default-attributes"},"acf":{"quantite":"1,05 g","fabrication":"FABRIQUE EN ALLEMAGNE","validite":"36 Mois","image1":null,"image2":null,"image3":null,"resultats":"Contour des yeux bien d\u00e9fini et regard mis en valeur avec une couleur intense et tendance.","comment":"","ingredients":"INGREDIENTS: C10-18 TRIGLYCERIDES, HYDROGENATED COCONUT OIL, CERA MICROCRISTALLINA (MICROCRYSTALLINE WAX \/ CIRE MICROCRISTALLINE), M ICA, MYRISTYL MYRISTATE, RHUS SUCCEDANEA FRUIT WAX, BEHENYL ALCOHOL, HYDROGENATED COCO-GLYCERIDES, CETYL PALMITATE, COPERNICIA CERIF ERA CERA (COPERNICIA CERIFERA (CARNAUBA) WAX \/ CIRE DE CARNAUBA), HYDROGENATED CASTOR OIL, SORBITAN PALMITATE, STEARALKONIUM HECTORI TE, PROPYLENE CARBONATE, PENTAERYTHRITYL TETRA-DI-t-BUTYL HYDROXYHYDROCINNAMATE. +\/- (MAY CONTAIN): CI 77891 (TITANIUM DIOXIDE), CI 77491 - CI 77492 - CI 77499 (IRON OXIDES), CI 77266 (NANO) (BLACK 2), CI 19140 (YELLOW 5 LAKE), CI 77742 (MANGANESE VIOLET), CI 7751 0 (FERRIC AMMONIUM FERROCYANIDE), CI 42090 (BLUE 1 LAKE), CI 77007 (ULTRAMARINES).","mise_au_rebut":"","VariantFamilyCode":"","reference":"","date_derniere_sync_navision":null,"_is_synced_navision":false},"_links":{"self":[{"href":"https:\/\/kikotest.gali-link.com\/Kiko\/wp-json\/wp\/v2\/product\/83115","targetHints":{"allow":["GET"]}}],"collection":[{"href":"https:\/\/kikotest.gali-link.com\/Kiko\/wp-json\/wp\/v2\/product"}],"about":[{"href":"https:\/\/kikotest.gali-link.com\/Kiko\/wp-json\/wp\/v2\/types\/product"}],"replies":[{"embeddable":true,"href":"https:\/\/kikotest.gali-link.com\/Kiko\/wp-json\/wp\/v2\/comments?post=83115"}],"wp:featuredmedia":[{"embeddable":true,"href":"https:\/\/kikotest.gali-link.com\/Kiko\/wp-json\/wp\/v2\/media\/100574"}],"wp:attachment":[{"href":"https:\/\/kikotest.gali-link.com\/Kiko\/wp-json\/wp\/v2\/media?parent=83115"}],"wp:term":[{"taxonomy":"product_brand","embeddable":true,"href":"https:\/\/kikotest.gali-link.com\/Kiko\/wp-json\/wp\/v2\/product_brand?post=83115"},{"taxonomy":"product_cat","embeddable":true,"href":"https:\/\/kikotest.gali-link.com\/Kiko\/wp-json\/wp\/v2\/product_cat?post=83115"},{"taxonomy":"product_tag","embeddable":true,"href":"https:\/\/kikotest.gali-link.com\/Kiko\/wp-json\/wp\/v2\/product_tag?post=83115"}],"curies":[{"name":"wp","href":"https:\/\/api.w.org\/{rel}","templated":true}]}}