
{"id":83130,"date":"2025-12-23T14:28:12","date_gmt":"2025-12-23T13:28:12","guid":{"rendered":"https:\/\/kikotest.gali-link.com\/Kiko\/?post_type=product&#038;p=83130"},"modified":"2026-02-24T13:18:50","modified_gmt":"2026-02-24T12:18:50","slug":"cool-colour-eyeshadow-stick","status":"publish","type":"product","link":"https:\/\/kikotest.gali-link.com\/Kiko\/produit\/cool-colour-eyeshadow-stick\/","title":{"rendered":"Cool Colour Eyeshadow Stick"},"content":{"rendered":"<p>Ombre \u00e0 paupi\u00e8res en stick \u00e0 la formule cr\u00e9meuse. Parfaite pour: mettre en valeur le regard avec des teintes magnifiques, de couleurs pures et brillantes. Ses particularit\u00e9s: -Sa formule cr\u00e9meuse, enrichie en extraits v\u00e9g\u00e9taux dont une \u00e9mulsion de graines de tamarin, adh\u00e8re parfaitement aux paupi\u00e8res pendant longtemps, jusqu&rsquo;\u00e0 24h*. -Sa texture fra\u00afche sur la peau, fondante et sans transfert* reste impeccable, sans bavures ni traces de pinceau. -Elle donne une couleur intense et d\u00e9finie en un seul passage. -Elle s&rsquo;estompe tr\u00e8s facilement et est \u00e9galement parfaite pour les retouches rapides. -Elle est rapide et agr\u00e9able \u00e0 appliquer gr\u00eace \u00e0 la forme arrondie du stick et \u00e0 sa texture glissante.<\/p>\n","protected":false},"excerpt":{"rendered":"<p>Ombre \u00e0 paupi\u00e8res en stick \u00e0 la formule cr\u00e9meuse<\/p>\n","protected":false},"featured_media":100568,"comment_status":"open","ping_status":"closed","template":"","meta":{"_acf_changed":false,"site-sidebar-layout":"default","site-content-layout":"","ast-site-content-layout":"default","site-content-style":"default","site-sidebar-style":"default","ast-global-header-display":"","ast-banner-title-visibility":"","ast-main-header-display":"","ast-hfb-above-header-display":"","ast-hfb-below-header-display":"","ast-hfb-mobile-header-display":"","site-post-title":"","ast-breadcrumbs-content":"","ast-featured-img":"","footer-sml-layout":"","theme-transparent-header-meta":"","adv-header-id-meta":"","stick-header-meta":"","header-above-stick-meta":"","header-main-stick-meta":"","header-below-stick-meta":"","astra-migrate-meta-layouts":"set","ast-page-background-enabled":"default","ast-page-background-meta":{"desktop":{"background-color":"var(--ast-global-color-4)","background-image":"","background-repeat":"repeat","background-position":"center center","background-size":"auto","background-attachment":"scroll","background-type":"","background-media":"","overlay-type":"","overlay-color":"","overlay-opacity":"","overlay-gradient":""},"tablet":{"background-color":"","background-image":"","background-repeat":"repeat","background-position":"center center","background-size":"auto","background-attachment":"scroll","background-type":"","background-media":"","overlay-type":"","overlay-color":"","overlay-opacity":"","overlay-gradient":""},"mobile":{"background-color":"","background-image":"","background-repeat":"repeat","background-position":"center center","background-size":"auto","background-attachment":"scroll","background-type":"","background-media":"","overlay-type":"","overlay-color":"","overlay-opacity":"","overlay-gradient":""}},"ast-content-background-meta":{"desktop":{"background-color":"var(--ast-global-color-5)","background-image":"","background-repeat":"repeat","background-position":"center center","background-size":"auto","background-attachment":"scroll","background-type":"","background-media":"","overlay-type":"","overlay-color":"","overlay-opacity":"","overlay-gradient":""},"tablet":{"background-color":"var(--ast-global-color-5)","background-image":"","background-repeat":"repeat","background-position":"center center","background-size":"auto","background-attachment":"scroll","background-type":"","background-media":"","overlay-type":"","overlay-color":"","overlay-opacity":"","overlay-gradient":""},"mobile":{"background-color":"var(--ast-global-color-5)","background-image":"","background-repeat":"repeat","background-position":"center center","background-size":"auto","background-attachment":"scroll","background-type":"","background-media":"","overlay-type":"","overlay-color":"","overlay-opacity":"","overlay-gradient":""}}},"product_brand":[],"product_cat":[15401,15402,15531],"product_tag":[],"class_list":{"0":"post-83130","1":"product","2":"type-product","3":"status-publish","4":"has-post-thumbnail","6":"product_cat-maquillage","7":"product_cat-yeux","8":"product_cat-ombres-a-paupieres","9":"desktop-align-left","10":"tablet-align-left","11":"mobile-align-left","13":"first","14":"instock","15":"sale","16":"shipping-taxable","17":"purchasable","18":"product-type-variable","19":"has-default-attributes"},"acf":{"quantite":"1,6 g","fabrication":"FABRIQUE EN ITALIE","validite":"6 Mois","image1":null,"image2":null,"image3":null,"resultats":"L'alli\u00e9e parfaite pour un regard ultra-tendance\u00a0: une couleur intense qui dure longtemps*, un r\u00e9sultat d\u00e9fini, une texture fra\u00eeche et un format tr\u00e8s pratique.","comment":"1. Appliquez l'ombre \u00e0 paupi\u00e8res directement sur la paupi\u00e8re, puis estompez d\u00e9licatement vers l'ext\u00e9rieur \u00e0 l'aide d'un pinceau sp\u00e9cifique ou du bout des doigts. 2. Pour une couleur encore plus intense et un regard plus audacieux, appliquez le produit sur toute la paupi\u00e8re sans estomper le trait.","ingredients":"INGREDIENTS: AQUA (WATER\/EAU), MICA, BUTYLENE GLYCOL, SODIUM STEARATE, SORBITAN ISOSTEARATE, CALCIUM SODIUM BOROSILICATE, PENTYLENE GLYCOL, GLYCERIN, DIMETHICONE, SODIUM CHLORIDE, SILICA, HELIANTHUS ANNUUS  SEED OIL (HELIANTHUS ANNUUS (SUNFLOWER) SEED OIL), POTASS IUM SORBATE, TAMARINDUS INDICA SEED GUM, SODIUM DILAURAMIDOGLUTAMIDE LYSINE, SODIUM DEHYDROACETATE, TIN OXIDE, ROSMARINUS OFFICINALI S LEAF EXTRACT (ROSMARINUS OFFICINALIS (ROSEMARY) LEAF EXTRACT), CI 77891 (TITANIUM DIOXIDE), CI 77491 (IRON OXIDES), CI 77499 (IRON  OXIDES).","mise_au_rebut":"","VariantFamilyCode":"","reference":"","date_derniere_sync_navision":null,"_is_synced_navision":false},"_links":{"self":[{"href":"https:\/\/kikotest.gali-link.com\/Kiko\/wp-json\/wp\/v2\/product\/83130","targetHints":{"allow":["GET"]}}],"collection":[{"href":"https:\/\/kikotest.gali-link.com\/Kiko\/wp-json\/wp\/v2\/product"}],"about":[{"href":"https:\/\/kikotest.gali-link.com\/Kiko\/wp-json\/wp\/v2\/types\/product"}],"replies":[{"embeddable":true,"href":"https:\/\/kikotest.gali-link.com\/Kiko\/wp-json\/wp\/v2\/comments?post=83130"}],"wp:featuredmedia":[{"embeddable":true,"href":"https:\/\/kikotest.gali-link.com\/Kiko\/wp-json\/wp\/v2\/media\/100568"}],"wp:attachment":[{"href":"https:\/\/kikotest.gali-link.com\/Kiko\/wp-json\/wp\/v2\/media?parent=83130"}],"wp:term":[{"taxonomy":"product_brand","embeddable":true,"href":"https:\/\/kikotest.gali-link.com\/Kiko\/wp-json\/wp\/v2\/product_brand?post=83130"},{"taxonomy":"product_cat","embeddable":true,"href":"https:\/\/kikotest.gali-link.com\/Kiko\/wp-json\/wp\/v2\/product_cat?post=83130"},{"taxonomy":"product_tag","embeddable":true,"href":"https:\/\/kikotest.gali-link.com\/Kiko\/wp-json\/wp\/v2\/product_tag?post=83130"}],"curies":[{"name":"wp","href":"https:\/\/api.w.org\/{rel}","templated":true}]}}