
{"id":83243,"date":"2025-12-23T14:29:45","date_gmt":"2025-12-23T13:29:45","guid":{"rendered":"https:\/\/kikotest.gali-link.com\/Kiko\/?post_type=product&#038;p=83243"},"modified":"2026-02-24T13:17:59","modified_gmt":"2026-02-24T12:17:59","slug":"dreamphoria-ee-cream-base-energy-enhancing-skin-tint","status":"publish","type":"product","link":"https:\/\/kikotest.gali-link.com\/Kiko\/produit\/dreamphoria-ee-cream-base-energy-enhancing-skin-tint\/","title":{"rendered":"Dreamphoria Ee Cream Base Energy Enhancing Skin Tint"},"content":{"rendered":"<p>Cr\u00e8me visage teint\u00e9e. Produit de soin sensoriel et confortable, cette cr\u00e8me unifie le teint et donne au visage un aspect radieux et un effet \u00e9nergisant. Elle vous fera r\u00eaver?: -Sa formule enrichie en extraits de th\u00e9 noir et de feuilles de vigne. -Sa texture l\u00e9g\u00e8re et sensorielle au fini naturel. -Sa couvrance l\u00e9g\u00e8re \u00e0 moyenne, au r\u00e9sultat modulable et personnalis\u00e9. -Elle camoufle les taches et imperfections d&rsquo;un simple geste.<\/p>\n","protected":false},"excerpt":{"rendered":"<p>Cr\u00e8me visage teint\u00e9e<\/p>\n","protected":false},"featured_media":94505,"comment_status":"open","ping_status":"closed","template":"","meta":{"_acf_changed":false,"site-sidebar-layout":"default","site-content-layout":"","ast-site-content-layout":"default","site-content-style":"default","site-sidebar-style":"default","ast-global-header-display":"","ast-banner-title-visibility":"","ast-main-header-display":"","ast-hfb-above-header-display":"","ast-hfb-below-header-display":"","ast-hfb-mobile-header-display":"","site-post-title":"","ast-breadcrumbs-content":"","ast-featured-img":"","footer-sml-layout":"","theme-transparent-header-meta":"","adv-header-id-meta":"","stick-header-meta":"","header-above-stick-meta":"","header-main-stick-meta":"","header-below-stick-meta":"","astra-migrate-meta-layouts":"set","ast-page-background-enabled":"default","ast-page-background-meta":{"desktop":{"background-color":"var(--ast-global-color-4)","background-image":"","background-repeat":"repeat","background-position":"center center","background-size":"auto","background-attachment":"scroll","background-type":"","background-media":"","overlay-type":"","overlay-color":"","overlay-opacity":"","overlay-gradient":""},"tablet":{"background-color":"","background-image":"","background-repeat":"repeat","background-position":"center center","background-size":"auto","background-attachment":"scroll","background-type":"","background-media":"","overlay-type":"","overlay-color":"","overlay-opacity":"","overlay-gradient":""},"mobile":{"background-color":"","background-image":"","background-repeat":"repeat","background-position":"center center","background-size":"auto","background-attachment":"scroll","background-type":"","background-media":"","overlay-type":"","overlay-color":"","overlay-opacity":"","overlay-gradient":""}},"ast-content-background-meta":{"desktop":{"background-color":"var(--ast-global-color-5)","background-image":"","background-repeat":"repeat","background-position":"center center","background-size":"auto","background-attachment":"scroll","background-type":"","background-media":"","overlay-type":"","overlay-color":"","overlay-opacity":"","overlay-gradient":""},"tablet":{"background-color":"var(--ast-global-color-5)","background-image":"","background-repeat":"repeat","background-position":"center center","background-size":"auto","background-attachment":"scroll","background-type":"","background-media":"","overlay-type":"","overlay-color":"","overlay-opacity":"","overlay-gradient":""},"mobile":{"background-color":"var(--ast-global-color-5)","background-image":"","background-repeat":"repeat","background-position":"center center","background-size":"auto","background-attachment":"scroll","background-type":"","background-media":"","overlay-type":"","overlay-color":"","overlay-opacity":"","overlay-gradient":""}}},"product_brand":[],"product_cat":[15401,19154,19155],"product_tag":[],"class_list":{"0":"post-83243","1":"product","2":"type-product","3":"status-publish","4":"has-post-thumbnail","6":"product_cat-maquillage","7":"product_cat-visage","8":"product_cat-fonds-de-teint-visage-2","9":"desktop-align-left","10":"tablet-align-left","11":"mobile-align-left","13":"first","14":"instock","15":"sale","16":"shipping-taxable","17":"purchasable","18":"product-type-variable","19":"has-default-attributes"},"acf":{"quantite":"32 ml","fabrication":"FABRIQUE EN ITALIE","validite":"12 Mois","image1":null,"image2":null,"image3":null,"resultats":"La synth\u00e8se parfaite entre la sensorialit\u00e9 et l'effet \u00e9nergisant d'un produit de soin et la performance d'une cr\u00e8me visage teint\u00e9e lissante. Le r\u00e9sultat\u00a0: une peau soyeuse, au teint homog\u00e8ne et tout simplement radieuse.","comment":"Appliquez le produit de fa\u00e7on homog\u00e8ne sur le visage en effectuant des mouvements d\u00e9licats du centre vers l'ext\u00e9rieur.","ingredients":"INGREDIENTS: VITIS VINIFERA LEAF WATER (VITIS VINIFERA (GRAPE) LEAF WATER), CAPRYLIC\/CAPRIC TRIGLYCERIDE, MICA, AQUA (WATER\/EAU), SA CCHAROMYCES\/XYLINUM\/BLACK TEA FERMENT, PENTYLENE GLYCOL, BUTYLENE GLYCOL, CETEARYL OLIVATE, SORBITAN OLIVATE, C10-18 TRIGLYCERIDES, DIMETHICONE, PARFUM (FRAGRANCE), BENZYL ALCOHOL, GLYCERYL CAPRYLATE\/CAPRATE, GLYCERIN, POLYACRYLATE CROSSPOLYMER-6, SODIUM BENZOATE,  POTASSIUM SORBATE, SODIUM CITRATE, SACCHAROMYCES\/GRAPE FERMENT EXTRACT. +\/- (MAY CONTAIN): CI 77891 (TITANIUM DIOXIDE), CI 77492 - CI 77491 - CI 77499 (IRON OXIDES).","mise_au_rebut":"","VariantFamilyCode":"","reference":"","date_derniere_sync_navision":null,"_is_synced_navision":false},"_links":{"self":[{"href":"https:\/\/kikotest.gali-link.com\/Kiko\/wp-json\/wp\/v2\/product\/83243","targetHints":{"allow":["GET"]}}],"collection":[{"href":"https:\/\/kikotest.gali-link.com\/Kiko\/wp-json\/wp\/v2\/product"}],"about":[{"href":"https:\/\/kikotest.gali-link.com\/Kiko\/wp-json\/wp\/v2\/types\/product"}],"replies":[{"embeddable":true,"href":"https:\/\/kikotest.gali-link.com\/Kiko\/wp-json\/wp\/v2\/comments?post=83243"}],"wp:featuredmedia":[{"embeddable":true,"href":"https:\/\/kikotest.gali-link.com\/Kiko\/wp-json\/wp\/v2\/media\/94505"}],"wp:attachment":[{"href":"https:\/\/kikotest.gali-link.com\/Kiko\/wp-json\/wp\/v2\/media?parent=83243"}],"wp:term":[{"taxonomy":"product_brand","embeddable":true,"href":"https:\/\/kikotest.gali-link.com\/Kiko\/wp-json\/wp\/v2\/product_brand?post=83243"},{"taxonomy":"product_cat","embeddable":true,"href":"https:\/\/kikotest.gali-link.com\/Kiko\/wp-json\/wp\/v2\/product_cat?post=83243"},{"taxonomy":"product_tag","embeddable":true,"href":"https:\/\/kikotest.gali-link.com\/Kiko\/wp-json\/wp\/v2\/product_tag?post=83243"}],"curies":[{"name":"wp","href":"https:\/\/api.w.org\/{rel}","templated":true}]}}