
{"id":83262,"date":"2025-12-23T14:30:02","date_gmt":"2025-12-23T13:30:02","guid":{"rendered":"https:\/\/kikotest.gali-link.com\/Kiko\/?post_type=product&#038;p=83262"},"modified":"2026-02-06T12:50:30","modified_gmt":"2026-02-06T11:50:30","slug":"drop-lip-balm","status":"publish","type":"product","link":"https:\/\/kikotest.gali-link.com\/Kiko\/produit\/drop-lip-balm\/","title":{"rendered":"Drop Lip Balm"},"content":{"rendered":"<p>Baume \u00e0 l\u00e8vres hydratant*, \u00e0 l&rsquo;ar\u00f4me fruit\u00e9. Parfait pour: prendre soin de vos l\u00e8vres et les hydrater durablement. Ses particularit\u00e9s: &#8211; Sa texture cr\u00e9meuse et d\u00e9licatement parfum\u00e9e, enrichie en beurre de karit\u00e9, jojoba et huile d&rsquo;amande, glisse sur les l\u00e8vres en leur donnant une sensation de confort imm\u00e9diate. &#8211; Il laisse les l\u00e8vres douces du matin au soir, peut \u00eatre appliqu\u00e9 plusieurs fois par jour et est id\u00e9al \u00e0 glisser dans un sac. &#8211; Son joli format goutte s&rsquo;adapte parfaitement aux l\u00e8vres et permet une application facile, ludique et uniforme du produit. Test\u00e9 sous contr\u00f4le dermatologique<\/p>\n","protected":false},"excerpt":{"rendered":"<p>Baume \u00e0 l\u00e8vres hydratant*<\/p>\n","protected":false},"featured_media":93610,"comment_status":"open","ping_status":"closed","template":"","meta":{"_acf_changed":false,"site-sidebar-layout":"default","site-content-layout":"","ast-site-content-layout":"default","site-content-style":"default","site-sidebar-style":"default","ast-global-header-display":"","ast-banner-title-visibility":"","ast-main-header-display":"","ast-hfb-above-header-display":"","ast-hfb-below-header-display":"","ast-hfb-mobile-header-display":"","site-post-title":"","ast-breadcrumbs-content":"","ast-featured-img":"","footer-sml-layout":"","theme-transparent-header-meta":"","adv-header-id-meta":"","stick-header-meta":"","header-above-stick-meta":"","header-main-stick-meta":"","header-below-stick-meta":"","astra-migrate-meta-layouts":"set","ast-page-background-enabled":"default","ast-page-background-meta":{"desktop":{"background-color":"var(--ast-global-color-4)","background-image":"","background-repeat":"repeat","background-position":"center center","background-size":"auto","background-attachment":"scroll","background-type":"","background-media":"","overlay-type":"","overlay-color":"","overlay-opacity":"","overlay-gradient":""},"tablet":{"background-color":"","background-image":"","background-repeat":"repeat","background-position":"center center","background-size":"auto","background-attachment":"scroll","background-type":"","background-media":"","overlay-type":"","overlay-color":"","overlay-opacity":"","overlay-gradient":""},"mobile":{"background-color":"","background-image":"","background-repeat":"repeat","background-position":"center center","background-size":"auto","background-attachment":"scroll","background-type":"","background-media":"","overlay-type":"","overlay-color":"","overlay-opacity":"","overlay-gradient":""}},"ast-content-background-meta":{"desktop":{"background-color":"var(--ast-global-color-5)","background-image":"","background-repeat":"repeat","background-position":"center center","background-size":"auto","background-attachment":"scroll","background-type":"","background-media":"","overlay-type":"","overlay-color":"","overlay-opacity":"","overlay-gradient":""},"tablet":{"background-color":"var(--ast-global-color-5)","background-image":"","background-repeat":"repeat","background-position":"center center","background-size":"auto","background-attachment":"scroll","background-type":"","background-media":"","overlay-type":"","overlay-color":"","overlay-opacity":"","overlay-gradient":""},"mobile":{"background-color":"var(--ast-global-color-5)","background-image":"","background-repeat":"repeat","background-position":"center center","background-size":"auto","background-attachment":"scroll","background-type":"","background-media":"","overlay-type":"","overlay-color":"","overlay-opacity":"","overlay-gradient":""}}},"product_brand":[],"product_cat":[15504,15555,15685],"product_tag":[],"class_list":{"0":"post-83262","1":"product","2":"type-product","3":"status-publish","4":"has-post-thumbnail","6":"product_cat-soin","7":"product_cat-levres-soin","8":"product_cat-traitement-des-levres","9":"desktop-align-left","10":"tablet-align-left","11":"mobile-align-left","13":"first","14":"instock","15":"shipping-taxable","16":"purchasable","17":"product-type-simple"},"acf":{"quantite":"7,5 g","fabrication":"FABRIQUE EN ITALIE","validite":"18 Mois","image1":null,"image2":null,"image3":null,"resultats":"L\u00e8vres douces, hydrat\u00e9es durablement: tout simplement parfaites.","comment":"1. D\u00e9vissez le capuchon transparent et appliquez le produit sur vos l\u00e8vres en suivant le contour, de l'int\u00e9rieur vers l'ext\u00e9rieur. 2. R\u00e9p\u00e9tez l'op\u00e9ration \u00e0 votre convenance pendant la journ\u00e9e pour que vos l\u00e8vres soient toujours hydrat\u00e9es.","ingredients":"I N G R E D I E N T S : D I I S O S T E A RY L M A L AT E , POLYBUTENE, HYDROGENATED POLYISOBUTENE, POLYETHYLENE,VP\/HEXADECENE COPOL YMER, POLYETHYLENE TEREPHTHALATE, HYDROGENATED MICROCRYSTALLINE WAX, SYNTHETIC WAX, AROMA (FLAVOR), SORBIC ACID, CITRUS AURANTIUM PE EL OIL, LIMONENE, BUTYROSPERMUM PARKII BUTTER (BUTYROSPERMUM PARKII (SHEA ) BUTTER), PRUNUS AMYGDALUS DULCIS OIL (PRUNUS AMYGDALUS D ULCIS (SWEET ALMOND) OIL), SIMMONDSIA CHINENSIS SEED OIL (SIMMONDSIA CHINENSIS (JOJOBA) SEED OIL), PENTAERYTHRITYL TETRA-DI-T-BUTYL HYDROXYHYDROCINNAMATE, ACRYLATES COPOLYMER, LINALOOL, PINENE.","mise_au_rebut":"","VariantFamilyCode":"","reference":"","date_derniere_sync_navision":null,"_is_synced_navision":false},"_links":{"self":[{"href":"https:\/\/kikotest.gali-link.com\/Kiko\/wp-json\/wp\/v2\/product\/83262","targetHints":{"allow":["GET"]}}],"collection":[{"href":"https:\/\/kikotest.gali-link.com\/Kiko\/wp-json\/wp\/v2\/product"}],"about":[{"href":"https:\/\/kikotest.gali-link.com\/Kiko\/wp-json\/wp\/v2\/types\/product"}],"replies":[{"embeddable":true,"href":"https:\/\/kikotest.gali-link.com\/Kiko\/wp-json\/wp\/v2\/comments?post=83262"}],"wp:featuredmedia":[{"embeddable":true,"href":"https:\/\/kikotest.gali-link.com\/Kiko\/wp-json\/wp\/v2\/media\/93610"}],"wp:attachment":[{"href":"https:\/\/kikotest.gali-link.com\/Kiko\/wp-json\/wp\/v2\/media?parent=83262"}],"wp:term":[{"taxonomy":"product_brand","embeddable":true,"href":"https:\/\/kikotest.gali-link.com\/Kiko\/wp-json\/wp\/v2\/product_brand?post=83262"},{"taxonomy":"product_cat","embeddable":true,"href":"https:\/\/kikotest.gali-link.com\/Kiko\/wp-json\/wp\/v2\/product_cat?post=83262"},{"taxonomy":"product_tag","embeddable":true,"href":"https:\/\/kikotest.gali-link.com\/Kiko\/wp-json\/wp\/v2\/product_tag?post=83262"}],"curies":[{"name":"wp","href":"https:\/\/api.w.org\/{rel}","templated":true}]}}