
{"id":84127,"date":"2025-12-23T14:40:47","date_gmt":"2025-12-23T13:40:47","guid":{"rendered":"https:\/\/kikotest.gali-link.com\/Kiko\/?post_type=product&#038;p=84127"},"modified":"2026-02-24T13:17:53","modified_gmt":"2026-02-24T12:17:53","slug":"holiday-premi-re-metallic-eyeshadow","status":"publish","type":"product","link":"https:\/\/kikotest.gali-link.com\/Kiko\/produit\/holiday-premi-re-metallic-eyeshadow\/","title":{"rendered":"Holiday Premi\u00e8re Metallic Eyeshadow"},"content":{"rendered":"<p>Ombre \u00e0 paupi\u00e8res de couleur intense au fini m\u00e9tallis\u00e9. Parfaite pour: cr\u00e9er un regard magn\u00e9tique aux reflets scintillants. Ses particularit\u00e9s: -Sa formule l\u00e9g\u00e8re, soyeuse et ultra-sensorielle est facile \u00e0 appliquer et \u00e0 estomper. -Elle offre un rendu couleur intense, une couvrance extr\u00eame et un effet multidimensionnel exceptionnel. -Sa texture \u00e0 effet spectaculaire pr\u00e9sente un motif matelass\u00e9 en relief raffin\u00e9.<\/p>\n","protected":false},"excerpt":{"rendered":"<p>Ombre \u00e0 paupi\u00e8res de couleur intense au fini m\u00e9tallis\u00e9<\/p>\n","protected":false},"featured_media":94035,"comment_status":"open","ping_status":"closed","template":"","meta":{"_acf_changed":false,"site-sidebar-layout":"default","site-content-layout":"","ast-site-content-layout":"default","site-content-style":"default","site-sidebar-style":"default","ast-global-header-display":"","ast-banner-title-visibility":"","ast-main-header-display":"","ast-hfb-above-header-display":"","ast-hfb-below-header-display":"","ast-hfb-mobile-header-display":"","site-post-title":"","ast-breadcrumbs-content":"","ast-featured-img":"","footer-sml-layout":"","theme-transparent-header-meta":"","adv-header-id-meta":"","stick-header-meta":"","header-above-stick-meta":"","header-main-stick-meta":"","header-below-stick-meta":"","astra-migrate-meta-layouts":"set","ast-page-background-enabled":"default","ast-page-background-meta":{"desktop":{"background-color":"var(--ast-global-color-4)","background-image":"","background-repeat":"repeat","background-position":"center center","background-size":"auto","background-attachment":"scroll","background-type":"","background-media":"","overlay-type":"","overlay-color":"","overlay-opacity":"","overlay-gradient":""},"tablet":{"background-color":"","background-image":"","background-repeat":"repeat","background-position":"center center","background-size":"auto","background-attachment":"scroll","background-type":"","background-media":"","overlay-type":"","overlay-color":"","overlay-opacity":"","overlay-gradient":""},"mobile":{"background-color":"","background-image":"","background-repeat":"repeat","background-position":"center center","background-size":"auto","background-attachment":"scroll","background-type":"","background-media":"","overlay-type":"","overlay-color":"","overlay-opacity":"","overlay-gradient":""}},"ast-content-background-meta":{"desktop":{"background-color":"var(--ast-global-color-5)","background-image":"","background-repeat":"repeat","background-position":"center center","background-size":"auto","background-attachment":"scroll","background-type":"","background-media":"","overlay-type":"","overlay-color":"","overlay-opacity":"","overlay-gradient":""},"tablet":{"background-color":"var(--ast-global-color-5)","background-image":"","background-repeat":"repeat","background-position":"center center","background-size":"auto","background-attachment":"scroll","background-type":"","background-media":"","overlay-type":"","overlay-color":"","overlay-opacity":"","overlay-gradient":""},"mobile":{"background-color":"var(--ast-global-color-5)","background-image":"","background-repeat":"repeat","background-position":"center center","background-size":"auto","background-attachment":"scroll","background-type":"","background-media":"","overlay-type":"","overlay-color":"","overlay-opacity":"","overlay-gradient":""}}},"product_brand":[],"product_cat":[15401,15402,15531],"product_tag":[],"class_list":{"0":"post-84127","1":"product","2":"type-product","3":"status-publish","4":"has-post-thumbnail","6":"product_cat-maquillage","7":"product_cat-yeux","8":"product_cat-ombres-a-paupieres","9":"desktop-align-left","10":"tablet-align-left","11":"mobile-align-left","13":"first","14":"instock","15":"sale","16":"shipping-taxable","17":"purchasable","18":"product-type-variable","19":"has-default-attributes"},"acf":{"quantite":"2,5 g","fabrication":"FABRIQUE EN ITALIE","validite":"18 Mois","image1":null,"image2":null,"image3":null,"resultats":"D\u00e8s le premier passage, les yeux brillent d'une couleur intense et d'un \u00e9clat extraordinaire. Un indispensable pour cr\u00e9er un maquillage ultra-glamour, parfait pour le moment le plus attendu de l'ann\u00e9e.","comment":"Pr\u00e9lever l'ombre \u00e0 paupi\u00e8res avec un pinceau pour les yeux KIKO\u00a0MILANO, tel que l'Eye Brush 51 ou 58, puis appliquer et estomper directement sur les paupi\u00e8res.","ingredients":"INGREDIENTS: MICA, COCO-CAPRYLATE\/CAPRATE, SILICA, POLYGLYCERYL-3 POLYRICINOLEATE, TRIMETHYLOLPROPANE TRIISOSTEARATE, POLYGLYCERYL-4  CAPRATE, BUTYLENE GLYCOL, GLYCERIN, CAPRYLIC\/CAPRIC TRIGLYCERIDE, DIMER DILINOLEYL DIMER DILINOLEATE, POLYGLYCERYL-3 DIISOSTEARATE,  CAPRYLYL GLYCOL, ETHYLHEXYLGLYCERIN, 1,2-HEXANEDIOL, GELLAN GUM, CALCIUM CHLORIDE, PENTAERYTHRITYL TETRA-DI-t-BUTYL HYDROXYHYDROCIN NAMATE, SODIUM CITRATE, XANTHAN GUM, TIN OXIDE, TOCOPHEROL, CI 77891 (TITANIUM DIOXIDE), CI 77491 - CI 77499 (IRON OXIDES), CI 77510  (FERRIC FERROCYANIDE).","mise_au_rebut":"","VariantFamilyCode":"","reference":"","date_derniere_sync_navision":null,"_is_synced_navision":false},"_links":{"self":[{"href":"https:\/\/kikotest.gali-link.com\/Kiko\/wp-json\/wp\/v2\/product\/84127","targetHints":{"allow":["GET"]}}],"collection":[{"href":"https:\/\/kikotest.gali-link.com\/Kiko\/wp-json\/wp\/v2\/product"}],"about":[{"href":"https:\/\/kikotest.gali-link.com\/Kiko\/wp-json\/wp\/v2\/types\/product"}],"replies":[{"embeddable":true,"href":"https:\/\/kikotest.gali-link.com\/Kiko\/wp-json\/wp\/v2\/comments?post=84127"}],"wp:featuredmedia":[{"embeddable":true,"href":"https:\/\/kikotest.gali-link.com\/Kiko\/wp-json\/wp\/v2\/media\/94035"}],"wp:attachment":[{"href":"https:\/\/kikotest.gali-link.com\/Kiko\/wp-json\/wp\/v2\/media?parent=84127"}],"wp:term":[{"taxonomy":"product_brand","embeddable":true,"href":"https:\/\/kikotest.gali-link.com\/Kiko\/wp-json\/wp\/v2\/product_brand?post=84127"},{"taxonomy":"product_cat","embeddable":true,"href":"https:\/\/kikotest.gali-link.com\/Kiko\/wp-json\/wp\/v2\/product_cat?post=84127"},{"taxonomy":"product_tag","embeddable":true,"href":"https:\/\/kikotest.gali-link.com\/Kiko\/wp-json\/wp\/v2\/product_tag?post=84127"}],"curies":[{"name":"wp","href":"https:\/\/api.w.org\/{rel}","templated":true}]}}