
{"id":84147,"date":"2025-12-23T14:41:06","date_gmt":"2025-12-23T13:41:06","guid":{"rendered":"https:\/\/kikotest.gali-link.com\/Kiko\/?post_type=product&#038;p=84147"},"modified":"2026-02-06T12:50:20","modified_gmt":"2026-02-06T11:50:20","slug":"hydrating-face-mask","status":"publish","type":"product","link":"https:\/\/kikotest.gali-link.com\/Kiko\/produit\/hydrating-face-mask\/","title":{"rendered":"Hydrating Face Mask"},"content":{"rendered":"<p>Masque hydrogel \u00e0 usage unique, sp\u00e9cialement con\u00e7u pour hydrater le visage. Parfait pour : &#8211; une peau repos\u00e9e et hydrat\u00e9e en un tour de main. Ses particularit\u00e9s : &#8211; Il contient de l&rsquo;extrait de bleuet aux propri\u00e9t\u00e9s rafra\u00afchissantes. &#8211; Sa texture hydrogel adh\u00e8re parfaitement au visage et glisse agr\u00e9ablement sur la peau, pour une sensation de bien-\u00eatre imm\u00e9diate. &#8211; Sa texture en gel bleu holographique est fra\u00afche, l\u00e9g\u00e8re et facile \u00e0 appliquer, gr\u00eace \u00e0 une forme qui \u00e9pouse les contours du visage. Pour un effet encore plus rafra\u00afchissant, conservez-le au r\u00e9frig\u00e9rateur.  Test\u00e9 sous contr\u00f4le dermatologique<\/p>\n","protected":false},"excerpt":{"rendered":"<p>Masque visage hydratant \u00e0 l\u2019extrait de bleuet<\/p>\n","protected":false},"featured_media":93447,"comment_status":"open","ping_status":"closed","template":"","meta":{"_acf_changed":false,"site-sidebar-layout":"default","site-content-layout":"","ast-site-content-layout":"default","site-content-style":"default","site-sidebar-style":"default","ast-global-header-display":"","ast-banner-title-visibility":"","ast-main-header-display":"","ast-hfb-above-header-display":"","ast-hfb-below-header-display":"","ast-hfb-mobile-header-display":"","site-post-title":"","ast-breadcrumbs-content":"","ast-featured-img":"","footer-sml-layout":"","theme-transparent-header-meta":"","adv-header-id-meta":"","stick-header-meta":"","header-above-stick-meta":"","header-main-stick-meta":"","header-below-stick-meta":"","astra-migrate-meta-layouts":"set","ast-page-background-enabled":"default","ast-page-background-meta":{"desktop":{"background-color":"var(--ast-global-color-4)","background-image":"","background-repeat":"repeat","background-position":"center center","background-size":"auto","background-attachment":"scroll","background-type":"","background-media":"","overlay-type":"","overlay-color":"","overlay-opacity":"","overlay-gradient":""},"tablet":{"background-color":"","background-image":"","background-repeat":"repeat","background-position":"center center","background-size":"auto","background-attachment":"scroll","background-type":"","background-media":"","overlay-type":"","overlay-color":"","overlay-opacity":"","overlay-gradient":""},"mobile":{"background-color":"","background-image":"","background-repeat":"repeat","background-position":"center center","background-size":"auto","background-attachment":"scroll","background-type":"","background-media":"","overlay-type":"","overlay-color":"","overlay-opacity":"","overlay-gradient":""}},"ast-content-background-meta":{"desktop":{"background-color":"var(--ast-global-color-5)","background-image":"","background-repeat":"repeat","background-position":"center center","background-size":"auto","background-attachment":"scroll","background-type":"","background-media":"","overlay-type":"","overlay-color":"","overlay-opacity":"","overlay-gradient":""},"tablet":{"background-color":"var(--ast-global-color-5)","background-image":"","background-repeat":"repeat","background-position":"center center","background-size":"auto","background-attachment":"scroll","background-type":"","background-media":"","overlay-type":"","overlay-color":"","overlay-opacity":"","overlay-gradient":""},"mobile":{"background-color":"var(--ast-global-color-5)","background-image":"","background-repeat":"repeat","background-position":"center center","background-size":"auto","background-attachment":"scroll","background-type":"","background-media":"","overlay-type":"","overlay-color":"","overlay-opacity":"","overlay-gradient":""}}},"product_brand":[],"product_cat":[15504,15512,15513],"product_tag":[],"class_list":{"0":"post-84147","1":"product","2":"type-product","3":"status-publish","4":"has-post-thumbnail","6":"product_cat-soin","7":"product_cat-masques","8":"product_cat-masques-visage","9":"desktop-align-left","10":"tablet-align-left","11":"mobile-align-left","13":"first","14":"instock","15":"shipping-taxable","16":"purchasable","17":"product-type-simple"},"acf":{"quantite":"0 g","fabrication":"FABRIQUE EN ITALIE","validite":"0 Mois","image1":null,"image2":null,"image3":null,"resultats":"Apr\u00e8s l'application, la peau du visage est fra\u00eeche, douce et lumineuse.","comment":"1. Malaxez le sachet. 2. Ouvrez le sachet en d\u00e9chirant la partie droite, l\u00e0 o\u00f9 elle est pr\u00e9d\u00e9coup\u00e9e (sur le haut et sur le bas). 3. Sortez le masque du sachet, d\u00e9tachez les deux films transparents et appliquez-le sur une peau propre. Assurez-vous qu'il adh\u00e8re bien et laissez agir pendant 20 \u00e0 30 minutes. 4. Retirez le masque. 5. Massez la peau jusqu'\u00e0 l'absorption compl\u00e8te.  Conserver \u00e0 l'\u00e9cart des sources de chaleur.","ingredients":"INGREDIENTS: AQUA(WATER\/EAU), GLYCERIN, DIPROPYLENE GLYCOL, 1,2-HEXANEDIOL, CERATONIA SILIQUA GUM (CERATONIA SILIQUA (CAROB) GUM), E RYTHRITOL, CHONDRUS CRISPUS POWDER, CHONDRUS CRISPUS EXTRACT, CALCIUM ALUMINUM BOROSILICATE, CELLULOSE GUM, SODIUM POLYACRYLATE, POT ASSIUM CHLORIDE, ALLANTOIN, HYDROGENATED POLYDECENE, SUCROSE, POLYSORBATE 20, BUTYLENE GLYCOL, SILICA, TRIDECETH-6, TIN OXIDE, IRIS VERSICOLOR EXTRACT, CENTAUREA CYANUS FLOWER EXTRACT, MYOSOTIS SYLVATICA FLOWER\/LEAF\/STEM EXTRACT, CITRUS AURANTIUM DULCIS FLOWER EXT RACT (CITRUS AURANTIUM DULCIS (ORANGE) FLOWER EXTRACT), ETHYLHEXYLGLYCERIN, DISODIUM EDTA, PHENOXYETHANOL, CI 77891 (TITANIUM DIOXID E).","mise_au_rebut":"","VariantFamilyCode":"","reference":"","date_derniere_sync_navision":null,"_is_synced_navision":false},"_links":{"self":[{"href":"https:\/\/kikotest.gali-link.com\/Kiko\/wp-json\/wp\/v2\/product\/84147","targetHints":{"allow":["GET"]}}],"collection":[{"href":"https:\/\/kikotest.gali-link.com\/Kiko\/wp-json\/wp\/v2\/product"}],"about":[{"href":"https:\/\/kikotest.gali-link.com\/Kiko\/wp-json\/wp\/v2\/types\/product"}],"replies":[{"embeddable":true,"href":"https:\/\/kikotest.gali-link.com\/Kiko\/wp-json\/wp\/v2\/comments?post=84147"}],"wp:featuredmedia":[{"embeddable":true,"href":"https:\/\/kikotest.gali-link.com\/Kiko\/wp-json\/wp\/v2\/media\/93447"}],"wp:attachment":[{"href":"https:\/\/kikotest.gali-link.com\/Kiko\/wp-json\/wp\/v2\/media?parent=84147"}],"wp:term":[{"taxonomy":"product_brand","embeddable":true,"href":"https:\/\/kikotest.gali-link.com\/Kiko\/wp-json\/wp\/v2\/product_brand?post=84147"},{"taxonomy":"product_cat","embeddable":true,"href":"https:\/\/kikotest.gali-link.com\/Kiko\/wp-json\/wp\/v2\/product_cat?post=84147"},{"taxonomy":"product_tag","embeddable":true,"href":"https:\/\/kikotest.gali-link.com\/Kiko\/wp-json\/wp\/v2\/product_tag?post=84147"}],"curies":[{"name":"wp","href":"https:\/\/api.w.org\/{rel}","templated":true}]}}