
{"id":84705,"date":"2025-12-23T14:49:45","date_gmt":"2025-12-23T13:49:45","guid":{"rendered":"https:\/\/kikotest.gali-link.com\/Kiko\/?post_type=product&#038;p=84705"},"modified":"2026-02-06T12:49:53","modified_gmt":"2026-02-06T11:49:53","slug":"lumiverse-endless-shimmer-lipbalm","status":"publish","type":"product","link":"https:\/\/kikotest.gali-link.com\/Kiko\/produit\/lumiverse-endless-shimmer-lipbalm\/","title":{"rendered":"Lumiverse Endless Shimmer Lipbalm"},"content":{"rendered":"<p>Prenez soin de vos l\u00e8vres avec une explosion de lumi\u00e8re et de douceur. Un baume scintillant \u00e0 l&rsquo;ar\u00f4me de vanille infus\u00e9 de perles iris\u00e9es qui procure une agr\u00e9able sensation de confort, passage apr\u00e8s passage. Et oui, au cas o\u00f9 vous en douteriez: il s&rsquo;agit bien de ce baume iconique et \u00e9tincelant dont tout le monde a raffol\u00e9, de retour sous une nouvelle forme. Vous allez craquer?: -Sa formule enrichie en extraits de graines de goji et de concombre. -&lsquo;mollient, brillant, il glisse merveilleusement sur les l\u00e8vres. -Une cascade de paillettes le rend incomparable. -Un v\u00e9ritable indispensable, qui peut \u00eatre appliqu\u00e9 plusieurs fois au cours de la journ\u00e9e.<\/p>\n","protected":false},"excerpt":{"rendered":"<p>Baume \u00e0 l\u00e8vres scintillant<\/p>\n","protected":false},"featured_media":93106,"comment_status":"open","ping_status":"closed","template":"","meta":{"_acf_changed":false,"site-sidebar-layout":"default","site-content-layout":"","ast-site-content-layout":"default","site-content-style":"default","site-sidebar-style":"default","ast-global-header-display":"","ast-banner-title-visibility":"","ast-main-header-display":"","ast-hfb-above-header-display":"","ast-hfb-below-header-display":"","ast-hfb-mobile-header-display":"","site-post-title":"","ast-breadcrumbs-content":"","ast-featured-img":"","footer-sml-layout":"","theme-transparent-header-meta":"","adv-header-id-meta":"","stick-header-meta":"","header-above-stick-meta":"","header-main-stick-meta":"","header-below-stick-meta":"","astra-migrate-meta-layouts":"set","ast-page-background-enabled":"default","ast-page-background-meta":{"desktop":{"background-color":"var(--ast-global-color-4)","background-image":"","background-repeat":"repeat","background-position":"center center","background-size":"auto","background-attachment":"scroll","background-type":"","background-media":"","overlay-type":"","overlay-color":"","overlay-opacity":"","overlay-gradient":""},"tablet":{"background-color":"","background-image":"","background-repeat":"repeat","background-position":"center center","background-size":"auto","background-attachment":"scroll","background-type":"","background-media":"","overlay-type":"","overlay-color":"","overlay-opacity":"","overlay-gradient":""},"mobile":{"background-color":"","background-image":"","background-repeat":"repeat","background-position":"center center","background-size":"auto","background-attachment":"scroll","background-type":"","background-media":"","overlay-type":"","overlay-color":"","overlay-opacity":"","overlay-gradient":""}},"ast-content-background-meta":{"desktop":{"background-color":"var(--ast-global-color-5)","background-image":"","background-repeat":"repeat","background-position":"center center","background-size":"auto","background-attachment":"scroll","background-type":"","background-media":"","overlay-type":"","overlay-color":"","overlay-opacity":"","overlay-gradient":""},"tablet":{"background-color":"var(--ast-global-color-5)","background-image":"","background-repeat":"repeat","background-position":"center center","background-size":"auto","background-attachment":"scroll","background-type":"","background-media":"","overlay-type":"","overlay-color":"","overlay-opacity":"","overlay-gradient":""},"mobile":{"background-color":"var(--ast-global-color-5)","background-image":"","background-repeat":"repeat","background-position":"center center","background-size":"auto","background-attachment":"scroll","background-type":"","background-media":"","overlay-type":"","overlay-color":"","overlay-opacity":"","overlay-gradient":""}}},"product_brand":[],"product_cat":[15504,15555,15685],"product_tag":[],"class_list":{"0":"post-84705","1":"product","2":"type-product","3":"status-publish","4":"has-post-thumbnail","6":"product_cat-soin","7":"product_cat-levres-soin","8":"product_cat-traitement-des-levres","9":"desktop-align-left","10":"tablet-align-left","11":"mobile-align-left","13":"first","14":"instock","15":"sale","16":"shipping-taxable","17":"purchasable","18":"product-type-simple"},"acf":{"quantite":"3,5 g","fabrication":"FABRIQUE EN ITALIE","validite":"18 Mois","image1":null,"image2":null,"image3":null,"resultats":"Douceur, \u00e9clat et confort maximal \u00e0 tout moment. Que demander de plus \u00e0 un baume \u00e0 l\u00e8vres\u202f?","comment":"1. Appliquez le produit directement sur les l\u00e8vres en suivant leur contour, du centre vers les commissures. 2. R\u00e9p\u00e9tez l'op\u00e9ration \u00e0 votre convenance pendant la journ\u00e9e pour des l\u00e8vres toujours douces et nourries.","ingredients":"INGREDIENTS: POLYBUTENE, CAPRYLIC\/CAPRIC TRIGLYCERIDE, POLYETHYLENE, DICALCIUM PHOSPHATE,  CERA MICROCRISTALLINA (MICROCRYSTALLINE W AX\/ CIRE MICROCRISTALLINE), CALCIUM SODIUM BOROSILICATE,  CALCIUM ALUMINUM BOROSILICATE, HELIANTHUS ANNUUS SEED OIL (HELIANTHUS ANNU US (SUNFLOWER) SEED OIL), STEARALKONIUM HECTORITE, SILICA, AROMA (FLAVOR), PROPYLENE CARBONATE, TIN OXIDE, PERSEA GRATISSIMA FRUIT E XTRACT (PERSEA GRATISSIMA (AVOCADO) FRUIT EXTRACT), PENTAERYTHRITYL TETRA-DI-T-BUTYL HYDROXYHYDROCINNAMATE, LYCIUM BARBARUM FRUIT EX TRACT, CUCUMIS SATIVUS FRUIT EXTRACT (CUCUMIS SATIVUS (CUCUMBER) FRUIT EXTRACT), TOCOPHEROL, MICA, CALCIUM TITANIUM BOROSILICATE, RO SA HYBRID FLOWER EXTRACT, ALUMINA, SYNTHETIC FLUORPHLOGOPITE, CI 77891 (TITANIUM DIOXIDE) , CI 77491 (IRON OXIDES), CI 42090 (BLUE 1  LAKE), CI 45410 (RED 28 LAKE).","mise_au_rebut":"","VariantFamilyCode":"","reference":"","date_derniere_sync_navision":null,"_is_synced_navision":false},"_links":{"self":[{"href":"https:\/\/kikotest.gali-link.com\/Kiko\/wp-json\/wp\/v2\/product\/84705","targetHints":{"allow":["GET"]}}],"collection":[{"href":"https:\/\/kikotest.gali-link.com\/Kiko\/wp-json\/wp\/v2\/product"}],"about":[{"href":"https:\/\/kikotest.gali-link.com\/Kiko\/wp-json\/wp\/v2\/types\/product"}],"replies":[{"embeddable":true,"href":"https:\/\/kikotest.gali-link.com\/Kiko\/wp-json\/wp\/v2\/comments?post=84705"}],"wp:featuredmedia":[{"embeddable":true,"href":"https:\/\/kikotest.gali-link.com\/Kiko\/wp-json\/wp\/v2\/media\/93106"}],"wp:attachment":[{"href":"https:\/\/kikotest.gali-link.com\/Kiko\/wp-json\/wp\/v2\/media?parent=84705"}],"wp:term":[{"taxonomy":"product_brand","embeddable":true,"href":"https:\/\/kikotest.gali-link.com\/Kiko\/wp-json\/wp\/v2\/product_brand?post=84705"},{"taxonomy":"product_cat","embeddable":true,"href":"https:\/\/kikotest.gali-link.com\/Kiko\/wp-json\/wp\/v2\/product_cat?post=84705"},{"taxonomy":"product_tag","embeddable":true,"href":"https:\/\/kikotest.gali-link.com\/Kiko\/wp-json\/wp\/v2\/product_tag?post=84705"}],"curies":[{"name":"wp","href":"https:\/\/api.w.org\/{rel}","templated":true}]}}