
{"id":85306,"date":"2025-12-23T14:57:00","date_gmt":"2025-12-23T13:57:00","guid":{"rendered":"https:\/\/kikotest.gali-link.com\/Kiko\/?post_type=product&#038;p=85306"},"modified":"2026-02-24T13:19:44","modified_gmt":"2026-02-24T12:19:44","slug":"power-pro-nail-lacquer","status":"publish","type":"product","link":"https:\/\/kikotest.gali-link.com\/Kiko\/produit\/power-pro-nail-lacquer\/","title":{"rendered":"Power Pro Nail Lacquer"},"content":{"rendered":"<p>Vernis \u00e0 ongles au fini professionnel, disponible en 30teintes exclusives pour une couleur brillante jusqu&rsquo;\u00e0 7jours. Une texture id\u00e9ale pour une application parfaitement contr\u00f4l\u00e9e et un fini professionnel jusqu&rsquo;\u00e0 7jours*. Chaque nuance a \u00e9t\u00e9 m\u00e9ticuleusement \u00e9tudi\u00e9e pour garantir une couvrance optimale et une pigmentation intense. Un nouveau design moderne pour l&#8217;emballage en verre transparent et son bouchon noir. Une palette de 30teintes \u00e0 assortir \u00e0 toutes vos tenues! Son applicateur ergonomique offre une bonne prise en main, et son b\u00eaton stri\u00e9 lib\u00e8re la juste quantit\u00e9 de produit pour un r\u00e9sultat pr\u00e9cis et professionnel. Son pinceau arrondi \u00e0 1000 poils suit le galbe de l&rsquo;ongle, pour une application absolument impeccable. PR&rsquo;CAUTIONS D&rsquo;USAGE: tenir \u00e0 l&rsquo;\u00e9cart de la port\u00e9e des enfants et des sources de chaleur. Ne pas ing\u00e9rer.<\/p>\n","protected":false},"excerpt":{"rendered":"<p>Vernis \u00e0 ongles au fini professionnel, une couleur brillante jusqu\u2019\u00e0 7\u00a0jours<\/p>\n","protected":false},"featured_media":100558,"comment_status":"open","ping_status":"closed","template":"","meta":{"_acf_changed":false,"site-sidebar-layout":"default","site-content-layout":"","ast-site-content-layout":"default","site-content-style":"default","site-sidebar-style":"default","ast-global-header-display":"","ast-banner-title-visibility":"","ast-main-header-display":"","ast-hfb-above-header-display":"","ast-hfb-below-header-display":"","ast-hfb-mobile-header-display":"","site-post-title":"","ast-breadcrumbs-content":"","ast-featured-img":"","footer-sml-layout":"","theme-transparent-header-meta":"","adv-header-id-meta":"","stick-header-meta":"","header-above-stick-meta":"","header-main-stick-meta":"","header-below-stick-meta":"","astra-migrate-meta-layouts":"set","ast-page-background-enabled":"default","ast-page-background-meta":{"desktop":{"background-color":"var(--ast-global-color-4)","background-image":"","background-repeat":"repeat","background-position":"center center","background-size":"auto","background-attachment":"scroll","background-type":"","background-media":"","overlay-type":"","overlay-color":"","overlay-opacity":"","overlay-gradient":""},"tablet":{"background-color":"","background-image":"","background-repeat":"repeat","background-position":"center center","background-size":"auto","background-attachment":"scroll","background-type":"","background-media":"","overlay-type":"","overlay-color":"","overlay-opacity":"","overlay-gradient":""},"mobile":{"background-color":"","background-image":"","background-repeat":"repeat","background-position":"center center","background-size":"auto","background-attachment":"scroll","background-type":"","background-media":"","overlay-type":"","overlay-color":"","overlay-opacity":"","overlay-gradient":""}},"ast-content-background-meta":{"desktop":{"background-color":"var(--ast-global-color-5)","background-image":"","background-repeat":"repeat","background-position":"center center","background-size":"auto","background-attachment":"scroll","background-type":"","background-media":"","overlay-type":"","overlay-color":"","overlay-opacity":"","overlay-gradient":""},"tablet":{"background-color":"var(--ast-global-color-5)","background-image":"","background-repeat":"repeat","background-position":"center center","background-size":"auto","background-attachment":"scroll","background-type":"","background-media":"","overlay-type":"","overlay-color":"","overlay-opacity":"","overlay-gradient":""},"mobile":{"background-color":"var(--ast-global-color-5)","background-image":"","background-repeat":"repeat","background-position":"center center","background-size":"auto","background-attachment":"scroll","background-type":"","background-media":"","overlay-type":"","overlay-color":"","overlay-opacity":"","overlay-gradient":""}}},"product_brand":[],"product_cat":[15508,15509],"product_tag":[],"class_list":{"0":"post-85306","1":"product","2":"type-product","3":"status-publish","4":"has-post-thumbnail","6":"product_cat-mains","7":"product_cat-vernis-a-ongles","8":"desktop-align-left","9":"tablet-align-left","10":"mobile-align-left","12":"first","13":"instock","14":"shipping-taxable","15":"purchasable","16":"product-type-variable","17":"has-default-attributes"},"acf":{"quantite":"11 ml","fabrication":"FABRIQUE EN FRANCE","validite":"24 Mois","image1":null,"image2":null,"image3":null,"resultats":"Les ongles sont mis en valeur gr\u00eace \u00e0 une couleur ultra-brillante et un r\u00e9sultat professionnel. Le film homog\u00e8ne adh\u00e8re parfaitement \u00e0 toute la surface de l'ongle, sans aucune strie. Une manucure impeccable pendant 7jours*. *Test clinique instrumental effectu\u00e9 sur 20personnes.","comment":"1. -Appliquez la base Strenghtener Base Coat KIKO MILANO pour prot\u00e9ger l'ongle et faciliter l'application du vernis \u00e0 ongles Power Pro Nail Lacquer. Laissez s\u00e9cher. 2. Appliquez deux couches de la teinte Power Pro choisie, en prenant soin de laisser s\u00e9cher chaque couche. 3. Appliquez Fast & Shiny Base And Top Coat pour prolonger la dur\u00e9e de la teinte et la rendre plus brillante.","ingredients":"INGREDIENTS : ETHYL ACETATE, BUTYL ACETATE, NITROCELLULOSE, ADIPIC ACID\/NEOPENTYL GLYCOL\/TRIMELLITIC ANHYDRIDE COPOLYMER, ACETYL TRI BUTYL CITRATE, ISOPROPYL ALCOHOL, N-BUTYL ALCOHOL, BENZOPHENONE-1, TRIMETHYLPENTANEDIYL DIBENZOATE, HEXANAL, MEK, CAPRYLIC\/CAPRIC TR IGLYCERIDE, PISTACIA LENTISCUS GUM (PISTACIA LENTISCUS (MASTIC) GUM), POLYVINYL BUTYRAL, ZINC SULFATE, DIATOMACEOUS EARTH, ALGAE EXT RACT, MANNITOL, CI 60725 (VIOLET 2).","mise_au_rebut":"","VariantFamilyCode":"","reference":"","date_derniere_sync_navision":null,"_is_synced_navision":false},"_links":{"self":[{"href":"https:\/\/kikotest.gali-link.com\/Kiko\/wp-json\/wp\/v2\/product\/85306","targetHints":{"allow":["GET"]}}],"collection":[{"href":"https:\/\/kikotest.gali-link.com\/Kiko\/wp-json\/wp\/v2\/product"}],"about":[{"href":"https:\/\/kikotest.gali-link.com\/Kiko\/wp-json\/wp\/v2\/types\/product"}],"replies":[{"embeddable":true,"href":"https:\/\/kikotest.gali-link.com\/Kiko\/wp-json\/wp\/v2\/comments?post=85306"}],"wp:featuredmedia":[{"embeddable":true,"href":"https:\/\/kikotest.gali-link.com\/Kiko\/wp-json\/wp\/v2\/media\/100558"}],"wp:attachment":[{"href":"https:\/\/kikotest.gali-link.com\/Kiko\/wp-json\/wp\/v2\/media?parent=85306"}],"wp:term":[{"taxonomy":"product_brand","embeddable":true,"href":"https:\/\/kikotest.gali-link.com\/Kiko\/wp-json\/wp\/v2\/product_brand?post=85306"},{"taxonomy":"product_cat","embeddable":true,"href":"https:\/\/kikotest.gali-link.com\/Kiko\/wp-json\/wp\/v2\/product_cat?post=85306"},{"taxonomy":"product_tag","embeddable":true,"href":"https:\/\/kikotest.gali-link.com\/Kiko\/wp-json\/wp\/v2\/product_tag?post=85306"}],"curies":[{"name":"wp","href":"https:\/\/api.w.org\/{rel}","templated":true}]}}