
{"id":85513,"date":"2025-12-23T14:59:54","date_gmt":"2025-12-23T13:59:54","guid":{"rendered":"https:\/\/kikotest.gali-link.com\/Kiko\/?post_type=product&#038;p=85513"},"modified":"2026-02-06T12:50:29","modified_gmt":"2026-02-06T11:50:29","slug":"purifying-face-mask","status":"publish","type":"product","link":"https:\/\/kikotest.gali-link.com\/Kiko\/produit\/purifying-face-mask\/","title":{"rendered":"Purifying Face Mask"},"content":{"rendered":"<p>Masque \u00e0 usage unique purifiant et matifiant en microfibre, sp\u00e9cialement pr\u00e9vu pour le visage. Parfait pour : &#8211; une peau douce et nettoy\u00e9e en un tour de main. Ses particularit\u00e9s : &#8211; Il contient de l&rsquo;extrait de charbon v\u00e9g\u00e9tal aux propri\u00e9t\u00e9s matifiantes. &#8211; Il adh\u00e8re parfaitement au visage avec un effet seconde peau, et il produit de petites bulles au contact de l&rsquo;air. &#8211; Sa structure de base en microfibre noire produit de petites bulles matifiantes au contact de l&rsquo;air. &#8211; Ludique, l\u00e9ger et facile \u00e0 appliquer, gr\u00eace sa forme qui \u00e9pouse les contours du visage.  Test\u00e9 sous contr\u00f4le dermatologique<\/p>\n","protected":false},"excerpt":{"rendered":"<p>Masque visage purifiant en tissu au charbon v\u00e9g\u00e9tal<\/p>\n","protected":false},"featured_media":93590,"comment_status":"open","ping_status":"closed","template":"","meta":{"_acf_changed":false,"site-sidebar-layout":"default","site-content-layout":"","ast-site-content-layout":"default","site-content-style":"default","site-sidebar-style":"default","ast-global-header-display":"","ast-banner-title-visibility":"","ast-main-header-display":"","ast-hfb-above-header-display":"","ast-hfb-below-header-display":"","ast-hfb-mobile-header-display":"","site-post-title":"","ast-breadcrumbs-content":"","ast-featured-img":"","footer-sml-layout":"","theme-transparent-header-meta":"","adv-header-id-meta":"","stick-header-meta":"","header-above-stick-meta":"","header-main-stick-meta":"","header-below-stick-meta":"","astra-migrate-meta-layouts":"set","ast-page-background-enabled":"default","ast-page-background-meta":{"desktop":{"background-color":"var(--ast-global-color-4)","background-image":"","background-repeat":"repeat","background-position":"center center","background-size":"auto","background-attachment":"scroll","background-type":"","background-media":"","overlay-type":"","overlay-color":"","overlay-opacity":"","overlay-gradient":""},"tablet":{"background-color":"","background-image":"","background-repeat":"repeat","background-position":"center center","background-size":"auto","background-attachment":"scroll","background-type":"","background-media":"","overlay-type":"","overlay-color":"","overlay-opacity":"","overlay-gradient":""},"mobile":{"background-color":"","background-image":"","background-repeat":"repeat","background-position":"center center","background-size":"auto","background-attachment":"scroll","background-type":"","background-media":"","overlay-type":"","overlay-color":"","overlay-opacity":"","overlay-gradient":""}},"ast-content-background-meta":{"desktop":{"background-color":"var(--ast-global-color-5)","background-image":"","background-repeat":"repeat","background-position":"center center","background-size":"auto","background-attachment":"scroll","background-type":"","background-media":"","overlay-type":"","overlay-color":"","overlay-opacity":"","overlay-gradient":""},"tablet":{"background-color":"var(--ast-global-color-5)","background-image":"","background-repeat":"repeat","background-position":"center center","background-size":"auto","background-attachment":"scroll","background-type":"","background-media":"","overlay-type":"","overlay-color":"","overlay-opacity":"","overlay-gradient":""},"mobile":{"background-color":"var(--ast-global-color-5)","background-image":"","background-repeat":"repeat","background-position":"center center","background-size":"auto","background-attachment":"scroll","background-type":"","background-media":"","overlay-type":"","overlay-color":"","overlay-opacity":"","overlay-gradient":""}}},"product_brand":[],"product_cat":[15504,15512,15513],"product_tag":[],"class_list":{"0":"post-85513","1":"product","2":"type-product","3":"status-publish","4":"has-post-thumbnail","6":"product_cat-soin","7":"product_cat-masques","8":"product_cat-masques-visage","9":"desktop-align-left","10":"tablet-align-left","11":"mobile-align-left","13":"first","14":"instock","15":"shipping-taxable","16":"purchasable","17":"product-type-simple"},"acf":{"quantite":"0 g","fabrication":"FABRIQUE EN ITALIE","validite":"0 Mois","image1":null,"image2":null,"image3":null,"resultats":"Apr\u00e8s l'application, la peau du visage est nettoy\u00e9e, purifi\u00e9e et matifi\u00e9e.","comment":"1. Malaxez le sachet. 2. Ouvrez le sachet en d\u00e9chirant la partie droite, l\u00e0 o\u00f9 elle est pr\u00e9d\u00e9coup\u00e9e (sur le haut et sur le bas). 3. Sortez le masque du sachet, d\u00e9tachez le film transparent et appliquez-le sur une peau propre. Assurez-vous qu'il adh\u00e8re bien et laissez agir pendant 20 \u00e0 30 minutes. 4. Retirez le masque. 5. Massez la peau jusqu'\u00e0 l'absorption compl\u00e8te. 6. Rincez apr\u00e8s l'usage.","ingredients":"INGREDIENTS: AQUA (WATER\/EAU), DIPROPYLENE GLYCOL, GLYCERIN, DISILOXANE, DISODIUM COCOAMPHODIACETATE, COCAMIDOPROPYL BETAINE, SODIUM  CHLORIDE, PEG-60 HYDROGENATED CASTOR OIL, BETAINE, HYDROXYACETOPHENONE, SODIUM POLYACRYLATE, CAPRYLYL GLYCOL, XANTHAN GUM, HEXYLENE  GLYCOL, ETHYLHEXYLGLYCERIN, DISODIUM EDTA, EPILOBIUM FLEISCHERI EXTRACT, DIPOTASSIUM GLYCYRRHIZATE, CHARCOAL POWDER, UNDECYLENOYL G LYCINE, CITRIC ACID.","mise_au_rebut":"","VariantFamilyCode":"","reference":"","date_derniere_sync_navision":null,"_is_synced_navision":false},"_links":{"self":[{"href":"https:\/\/kikotest.gali-link.com\/Kiko\/wp-json\/wp\/v2\/product\/85513","targetHints":{"allow":["GET"]}}],"collection":[{"href":"https:\/\/kikotest.gali-link.com\/Kiko\/wp-json\/wp\/v2\/product"}],"about":[{"href":"https:\/\/kikotest.gali-link.com\/Kiko\/wp-json\/wp\/v2\/types\/product"}],"replies":[{"embeddable":true,"href":"https:\/\/kikotest.gali-link.com\/Kiko\/wp-json\/wp\/v2\/comments?post=85513"}],"wp:featuredmedia":[{"embeddable":true,"href":"https:\/\/kikotest.gali-link.com\/Kiko\/wp-json\/wp\/v2\/media\/93590"}],"wp:attachment":[{"href":"https:\/\/kikotest.gali-link.com\/Kiko\/wp-json\/wp\/v2\/media?parent=85513"}],"wp:term":[{"taxonomy":"product_brand","embeddable":true,"href":"https:\/\/kikotest.gali-link.com\/Kiko\/wp-json\/wp\/v2\/product_brand?post=85513"},{"taxonomy":"product_cat","embeddable":true,"href":"https:\/\/kikotest.gali-link.com\/Kiko\/wp-json\/wp\/v2\/product_cat?post=85513"},{"taxonomy":"product_tag","embeddable":true,"href":"https:\/\/kikotest.gali-link.com\/Kiko\/wp-json\/wp\/v2\/product_tag?post=85513"}],"curies":[{"name":"wp","href":"https:\/\/api.w.org\/{rel}","templated":true}]}}