
{"id":85524,"date":"2025-12-23T15:00:00","date_gmt":"2025-12-23T14:00:00","guid":{"rendered":"https:\/\/kikotest.gali-link.com\/Kiko\/?post_type=product&#038;p=85524"},"modified":"2026-02-24T13:19:44","modified_gmt":"2026-02-24T12:19:44","slug":"radiant-touch-bronzing-powder","status":"publish","type":"product","link":"https:\/\/kikotest.gali-link.com\/Kiko\/produit\/radiant-touch-bronzing-powder\/","title":{"rendered":"Radiant Touch Bronzing Powder"},"content":{"rendered":"<p>Poudre compacte au fini lumineux et nacr\u00e9. Id\u00e9ale pour: &#8211; Obtenir un teint uniforme et radieux \u00e0 l&rsquo;effet h\u00eal\u00e9 Ses particularit\u00e9s: &#8211; Sa texture soyeuse hautement concentr\u00e9e en pigments offre une application confortable et ultra-l\u00e9g\u00e8re &#8211; La couleur se lib\u00e8re imm\u00e9diatement et adh\u00e8re parfaitement \u00e0 la peau, permettant ainsi de sculpter les contours du visage de mani\u00e8re homog\u00e8ne &#8211; Cette poudre bronzante uniformisante est conditionn\u00e9e dans un \u00e9l\u00e9gant emballage gris acier grav\u00e9 du logo KK sur le couvercle et dot\u00e9 d&rsquo;un miroir. Test\u00e9 sous contr\u00f4le dermatologique, non com\u00e9dog\u00e8ne.<\/p>\n","protected":false},"excerpt":{"rendered":"<p>Poudre bronzante lumineuse<\/p>\n","protected":false},"featured_media":96871,"comment_status":"open","ping_status":"closed","template":"","meta":{"_acf_changed":false,"site-sidebar-layout":"default","site-content-layout":"","ast-site-content-layout":"default","site-content-style":"default","site-sidebar-style":"default","ast-global-header-display":"","ast-banner-title-visibility":"","ast-main-header-display":"","ast-hfb-above-header-display":"","ast-hfb-below-header-display":"","ast-hfb-mobile-header-display":"","site-post-title":"","ast-breadcrumbs-content":"","ast-featured-img":"","footer-sml-layout":"","theme-transparent-header-meta":"","adv-header-id-meta":"","stick-header-meta":"","header-above-stick-meta":"","header-main-stick-meta":"","header-below-stick-meta":"","astra-migrate-meta-layouts":"set","ast-page-background-enabled":"default","ast-page-background-meta":{"desktop":{"background-color":"var(--ast-global-color-4)","background-image":"","background-repeat":"repeat","background-position":"center center","background-size":"auto","background-attachment":"scroll","background-type":"","background-media":"","overlay-type":"","overlay-color":"","overlay-opacity":"","overlay-gradient":""},"tablet":{"background-color":"","background-image":"","background-repeat":"repeat","background-position":"center center","background-size":"auto","background-attachment":"scroll","background-type":"","background-media":"","overlay-type":"","overlay-color":"","overlay-opacity":"","overlay-gradient":""},"mobile":{"background-color":"","background-image":"","background-repeat":"repeat","background-position":"center center","background-size":"auto","background-attachment":"scroll","background-type":"","background-media":"","overlay-type":"","overlay-color":"","overlay-opacity":"","overlay-gradient":""}},"ast-content-background-meta":{"desktop":{"background-color":"var(--ast-global-color-5)","background-image":"","background-repeat":"repeat","background-position":"center center","background-size":"auto","background-attachment":"scroll","background-type":"","background-media":"","overlay-type":"","overlay-color":"","overlay-opacity":"","overlay-gradient":""},"tablet":{"background-color":"var(--ast-global-color-5)","background-image":"","background-repeat":"repeat","background-position":"center center","background-size":"auto","background-attachment":"scroll","background-type":"","background-media":"","overlay-type":"","overlay-color":"","overlay-opacity":"","overlay-gradient":""},"mobile":{"background-color":"var(--ast-global-color-5)","background-image":"","background-repeat":"repeat","background-position":"center center","background-size":"auto","background-attachment":"scroll","background-type":"","background-media":"","overlay-type":"","overlay-color":"","overlay-opacity":"","overlay-gradient":""}}},"product_brand":[],"product_cat":[15401,19154,19167],"product_tag":[],"class_list":{"0":"post-85524","1":"product","2":"type-product","3":"status-publish","4":"has-post-thumbnail","6":"product_cat-maquillage","7":"product_cat-visage","8":"product_cat-bronzer-visage-2","9":"desktop-align-left","10":"tablet-align-left","11":"mobile-align-left","13":"first","14":"instock","15":"shipping-taxable","16":"purchasable","17":"product-type-variable","18":"has-default-attributes"},"acf":{"quantite":"12 g","fabrication":"FABRIQUE EN ITALIE","validite":"24 Mois","image1":null,"image2":null,"image3":null,"resultats":"Le teint est sculpt\u00e9 et h\u00e2l\u00e9. Sa texture soyeuse et l\u00e9g\u00e8re procure une luminosit\u00e9 homog\u00e8ne au teint pour un maquillage visage ultra-f\u00e9minin \u00e0 l'effet naturel.","comment":"Pr\u00e9levez le produit \u00e0 l'aide d'un pinceau pour poudres, comme le Face\u00a009\u00a0Powder Brush. Appliquez-le en l'estompant d\u00e9licatement sur le visage et le cou.","ingredients":"INGREDIENTS: TALC, MICA, ZEA MAYS STARCH (ZEA MAYS (CORN) STARCH), OCTYLDODECYL STEAROYL STEARATE, ZINC STEARATE, DIMETHICONE, SILIC A, CAPRYLYL GLYCOL, ETHYLHEXYLGLYCERIN. +\/- (MAY CONTAIN): CI 77891 (TITANIUM DIOXIDE), CI 77491 - CI 77492 - CI 77499 (IRON OXIDES) , CI 19140 (YELLOW 5 LAKE)","mise_au_rebut":"","VariantFamilyCode":"","reference":"","date_derniere_sync_navision":null,"_is_synced_navision":false},"_links":{"self":[{"href":"https:\/\/kikotest.gali-link.com\/Kiko\/wp-json\/wp\/v2\/product\/85524","targetHints":{"allow":["GET"]}}],"collection":[{"href":"https:\/\/kikotest.gali-link.com\/Kiko\/wp-json\/wp\/v2\/product"}],"about":[{"href":"https:\/\/kikotest.gali-link.com\/Kiko\/wp-json\/wp\/v2\/types\/product"}],"replies":[{"embeddable":true,"href":"https:\/\/kikotest.gali-link.com\/Kiko\/wp-json\/wp\/v2\/comments?post=85524"}],"wp:featuredmedia":[{"embeddable":true,"href":"https:\/\/kikotest.gali-link.com\/Kiko\/wp-json\/wp\/v2\/media\/96871"}],"wp:attachment":[{"href":"https:\/\/kikotest.gali-link.com\/Kiko\/wp-json\/wp\/v2\/media?parent=85524"}],"wp:term":[{"taxonomy":"product_brand","embeddable":true,"href":"https:\/\/kikotest.gali-link.com\/Kiko\/wp-json\/wp\/v2\/product_brand?post=85524"},{"taxonomy":"product_cat","embeddable":true,"href":"https:\/\/kikotest.gali-link.com\/Kiko\/wp-json\/wp\/v2\/product_cat?post=85524"},{"taxonomy":"product_tag","embeddable":true,"href":"https:\/\/kikotest.gali-link.com\/Kiko\/wp-json\/wp\/v2\/product_tag?post=85524"}],"curies":[{"name":"wp","href":"https:\/\/api.w.org\/{rel}","templated":true}]}}