
{"id":85539,"date":"2025-12-23T15:00:07","date_gmt":"2025-12-23T14:00:07","guid":{"rendered":"https:\/\/kikotest.gali-link.com\/Kiko\/?post_type=product&#038;p=85539"},"modified":"2026-02-06T12:50:28","modified_gmt":"2026-02-06T11:50:28","slug":"scent-of-milan-eau-de-parfum-brera-district","status":"publish","type":"product","link":"https:\/\/kikotest.gali-link.com\/Kiko\/produit\/scent-of-milan-eau-de-parfum-brera-district\/","title":{"rendered":"Scent Of Milan Eau De Parfum Brera District"},"content":{"rendered":"<p>Eau de parfum verte et florale, formul\u00e9e et produite en Italie. Contient des extraits d&rsquo;agrumes d&rsquo;origine italienne et de l&rsquo;alcool d&rsquo;origine v\u00e9g\u00e9tale durable. Avec84% d&rsquo;ingr\u00e9dients d&rsquo;origine naturelle. LA PERSONNALIT&rsquo; Une \u00eame artistique exprimant la cr\u00e9ativit\u00e9, l&rsquo;imagination et la d\u00e9tente insouciante. LA FAMILLE OLFACTIVE Verte et florale LE STYLE Artistique LA COULEUR Vert LES NOTES -Une symphonie tr\u00e8s fra\u00afche de bergamote et de mandarine italiennes ouvre le parfum. -Au c\u00a3ur, terreux et herbac\u00e9, s&rsquo;ouvrent des notes de coriandre et de calypsone. -Les notes de bois de c\u00e8dre de Virginie restent grav\u00e9es et enchantent, tandis que les graines d&rsquo;ambrette lib\u00e8rent un ar\u00f4me musqu\u00e9. L&rsquo;HISTOIRE Une promenade avec les yeux pleins de l&rsquo;authentique \u00e9l\u00e9gance milanaise. L&rsquo;histoire, l&rsquo;Art nouveau, le c\u00f4t\u00e9 chic de la vie nocturne. Une chemise blanche l\u00e9g\u00e8re, un gilet et un pantalon fluide pour profiter du spectacle et de la douceur de vivre. Un parfum pour r\u00eaver, un passage secret vers de pr\u00e9cieuses cours recouvertes de lierre.<\/p>\n","protected":false},"excerpt":{"rendered":"<p>Eau de parfum verte et florale<\/p>\n","protected":false},"featured_media":93578,"comment_status":"open","ping_status":"closed","template":"","meta":{"_acf_changed":false,"site-sidebar-layout":"default","site-content-layout":"","ast-site-content-layout":"default","site-content-style":"default","site-sidebar-style":"default","ast-global-header-display":"","ast-banner-title-visibility":"","ast-main-header-display":"","ast-hfb-above-header-display":"","ast-hfb-below-header-display":"","ast-hfb-mobile-header-display":"","site-post-title":"","ast-breadcrumbs-content":"","ast-featured-img":"","footer-sml-layout":"","theme-transparent-header-meta":"","adv-header-id-meta":"","stick-header-meta":"","header-above-stick-meta":"","header-main-stick-meta":"","header-below-stick-meta":"","astra-migrate-meta-layouts":"set","ast-page-background-enabled":"default","ast-page-background-meta":{"desktop":{"background-color":"var(--ast-global-color-4)","background-image":"","background-repeat":"repeat","background-position":"center center","background-size":"auto","background-attachment":"scroll","background-type":"","background-media":"","overlay-type":"","overlay-color":"","overlay-opacity":"","overlay-gradient":""},"tablet":{"background-color":"","background-image":"","background-repeat":"repeat","background-position":"center center","background-size":"auto","background-attachment":"scroll","background-type":"","background-media":"","overlay-type":"","overlay-color":"","overlay-opacity":"","overlay-gradient":""},"mobile":{"background-color":"","background-image":"","background-repeat":"repeat","background-position":"center center","background-size":"auto","background-attachment":"scroll","background-type":"","background-media":"","overlay-type":"","overlay-color":"","overlay-opacity":"","overlay-gradient":""}},"ast-content-background-meta":{"desktop":{"background-color":"var(--ast-global-color-5)","background-image":"","background-repeat":"repeat","background-position":"center center","background-size":"auto","background-attachment":"scroll","background-type":"","background-media":"","overlay-type":"","overlay-color":"","overlay-opacity":"","overlay-gradient":""},"tablet":{"background-color":"var(--ast-global-color-5)","background-image":"","background-repeat":"repeat","background-position":"center center","background-size":"auto","background-attachment":"scroll","background-type":"","background-media":"","overlay-type":"","overlay-color":"","overlay-opacity":"","overlay-gradient":""},"mobile":{"background-color":"var(--ast-global-color-5)","background-image":"","background-repeat":"repeat","background-position":"center center","background-size":"auto","background-attachment":"scroll","background-type":"","background-media":"","overlay-type":"","overlay-color":"","overlay-opacity":"","overlay-gradient":""}}},"product_brand":[],"product_cat":[15504,15651,16110],"product_tag":[],"class_list":{"0":"post-85539","1":"product","2":"type-product","3":"status-publish","4":"has-post-thumbnail","6":"product_cat-soin","7":"product_cat-autres-soins-de-la-peau","8":"product_cat-fragrances","9":"desktop-align-left","10":"tablet-align-left","11":"mobile-align-left","13":"first","14":"instock","15":"shipping-taxable","16":"purchasable","17":"product-type-simple"},"acf":{"quantite":"0 g","fabrication":"FABRIQUE EN ITALIE","validite":"12 Mois","image1":null,"image2":null,"image3":null,"resultats":"Un parfum pour renouer avec la nature m\u00e9tropolitaine. Un espace de s\u00e9r\u00e9nit\u00e9, un calme pr\u00e9cieux. La fra\u00eecheur des notes d'agrumes s'allie \u00e0 la puissance des notes bois\u00e9es pour cr\u00e9er une symphonie verte et brillante.","comment":"1. Vaporisez l'eau de parfum \u00e0 une distance d'au moins 13-15cm. 2. Appliquez la fragrance sur les points de pulsation, o\u00f9 la peau est plus chaude, et plus particuli\u00e8rement sur les poignets et derri\u00e8re les oreilles. Vaporisez \u00e9galement les chevilles si vous souhaitez que le parfum rayonne sur tout le corps et l'entoure comme une robe moulante. 3. Pour \u00e9viter d'alt\u00e9rer l'\u00e9quilibre de la fragrance, ne frottez pas le parfum sur la peau et laissez-le s\u00e9cher naturellement.","ingredients":"INGREDIENTS: ALCOHOL DENAT., AQUA (WATER\/EAU), PARFUM (FRAGRANCE), TETRAMETHYL ACETYLOCTAHYDRONAPHTHALENES, HEXAMETHYLINDANOPYRAN, A LPHA-ISOMETHYL IONONE, LINALOOL, LIMONENE, JUNIPERUS VIRGINIANA OIL, HYDROXYCITRONELLAL, CITRUS AURANTIUM PEEL OIL, ETHYLHEXYL SALIC YLATE, BUTYL METHOXYDIBENZOYLMETHANE, CITRUS AURANTIUM BERGAMIA PEEL OIL (CITRUS AURANTIUM BERGAMIA (BERGAMOT)  PEEL OIL), LINALYL A CETATE, PINENE, CAMPHOR, GERANYL ACETATE, BETA-CARYOPHYLLENE, TRIMETHYLBENZENEPROPANOL, GERANIOL, CITRONELLOL, TERPINOLENE, TERPINEO L, CITRAL, DIMETHYL PHENETHYL ACETATE.","mise_au_rebut":"","VariantFamilyCode":"","reference":"","date_derniere_sync_navision":null,"_is_synced_navision":false},"_links":{"self":[{"href":"https:\/\/kikotest.gali-link.com\/Kiko\/wp-json\/wp\/v2\/product\/85539","targetHints":{"allow":["GET"]}}],"collection":[{"href":"https:\/\/kikotest.gali-link.com\/Kiko\/wp-json\/wp\/v2\/product"}],"about":[{"href":"https:\/\/kikotest.gali-link.com\/Kiko\/wp-json\/wp\/v2\/types\/product"}],"replies":[{"embeddable":true,"href":"https:\/\/kikotest.gali-link.com\/Kiko\/wp-json\/wp\/v2\/comments?post=85539"}],"wp:featuredmedia":[{"embeddable":true,"href":"https:\/\/kikotest.gali-link.com\/Kiko\/wp-json\/wp\/v2\/media\/93578"}],"wp:attachment":[{"href":"https:\/\/kikotest.gali-link.com\/Kiko\/wp-json\/wp\/v2\/media?parent=85539"}],"wp:term":[{"taxonomy":"product_brand","embeddable":true,"href":"https:\/\/kikotest.gali-link.com\/Kiko\/wp-json\/wp\/v2\/product_brand?post=85539"},{"taxonomy":"product_cat","embeddable":true,"href":"https:\/\/kikotest.gali-link.com\/Kiko\/wp-json\/wp\/v2\/product_cat?post=85539"},{"taxonomy":"product_tag","embeddable":true,"href":"https:\/\/kikotest.gali-link.com\/Kiko\/wp-json\/wp\/v2\/product_tag?post=85539"}],"curies":[{"name":"wp","href":"https:\/\/api.w.org\/{rel}","templated":true}]}}