
{"id":85639,"date":"2025-12-23T15:01:27","date_gmt":"2025-12-23T14:01:27","guid":{"rendered":"https:\/\/kikotest.gali-link.com\/Kiko\/?post_type=product&#038;p=85639"},"modified":"2026-02-24T13:18:52","modified_gmt":"2026-02-24T12:18:52","slug":"skin-lover-intensive-serum-foundation","status":"publish","type":"product","link":"https:\/\/kikotest.gali-link.com\/Kiko\/produit\/skin-lover-intensive-serum-foundation\/","title":{"rendered":"Skin Lover Intensive Serum Foundation"},"content":{"rendered":"<p>Fond de teint s\u00e9rum hydratant* longue tenue*. La sensorialit\u00e9 d&rsquo;un s\u00e9rum associ\u00e9e \u00e0 la performance d&rsquo;un fond de teint lissant pour une peau sublime. Contribue \u00e0 am\u00e9liorer la fermet\u00e9* et l&rsquo;\u00e9lasticit\u00e9* de la peau. Pourquoi vous allez l&rsquo;adorer?: -Sa formule de pointe infus\u00e9e d&rsquo;acide hyaluronique, de niacinamide et d&rsquo;eau de rose. -Sa tenue de 8?heures*, son hydratation* imm\u00e9diate. -Son fini lumineux et doux, son effet seconde peau. -Sa couvrance moyenne, au r\u00e9sultat modulable et personnalis\u00e9. -Facile \u00e0 estomper, il camoufle les taches et les imperfections d&rsquo;un simple geste. -Convient parfaitement m\u00eame aux peaux matures. -Son compte-gouttes, pour utiliser la bonne quantit\u00e9 de produit.<\/p>\n","protected":false},"excerpt":{"rendered":"<p>Fond de teint s\u00e9rum hydratant longue tenue<\/p>\n","protected":false},"featured_media":98227,"comment_status":"open","ping_status":"closed","template":"","meta":{"_acf_changed":false,"site-sidebar-layout":"default","site-content-layout":"","ast-site-content-layout":"default","site-content-style":"default","site-sidebar-style":"default","ast-global-header-display":"","ast-banner-title-visibility":"","ast-main-header-display":"","ast-hfb-above-header-display":"","ast-hfb-below-header-display":"","ast-hfb-mobile-header-display":"","site-post-title":"","ast-breadcrumbs-content":"","ast-featured-img":"","footer-sml-layout":"","theme-transparent-header-meta":"","adv-header-id-meta":"","stick-header-meta":"","header-above-stick-meta":"","header-main-stick-meta":"","header-below-stick-meta":"","astra-migrate-meta-layouts":"set","ast-page-background-enabled":"default","ast-page-background-meta":{"desktop":{"background-color":"var(--ast-global-color-4)","background-image":"","background-repeat":"repeat","background-position":"center center","background-size":"auto","background-attachment":"scroll","background-type":"","background-media":"","overlay-type":"","overlay-color":"","overlay-opacity":"","overlay-gradient":""},"tablet":{"background-color":"","background-image":"","background-repeat":"repeat","background-position":"center center","background-size":"auto","background-attachment":"scroll","background-type":"","background-media":"","overlay-type":"","overlay-color":"","overlay-opacity":"","overlay-gradient":""},"mobile":{"background-color":"","background-image":"","background-repeat":"repeat","background-position":"center center","background-size":"auto","background-attachment":"scroll","background-type":"","background-media":"","overlay-type":"","overlay-color":"","overlay-opacity":"","overlay-gradient":""}},"ast-content-background-meta":{"desktop":{"background-color":"var(--ast-global-color-5)","background-image":"","background-repeat":"repeat","background-position":"center center","background-size":"auto","background-attachment":"scroll","background-type":"","background-media":"","overlay-type":"","overlay-color":"","overlay-opacity":"","overlay-gradient":""},"tablet":{"background-color":"var(--ast-global-color-5)","background-image":"","background-repeat":"repeat","background-position":"center center","background-size":"auto","background-attachment":"scroll","background-type":"","background-media":"","overlay-type":"","overlay-color":"","overlay-opacity":"","overlay-gradient":""},"mobile":{"background-color":"var(--ast-global-color-5)","background-image":"","background-repeat":"repeat","background-position":"center center","background-size":"auto","background-attachment":"scroll","background-type":"","background-media":"","overlay-type":"","overlay-color":"","overlay-opacity":"","overlay-gradient":""}}},"product_brand":[],"product_cat":[15401,19154,19155],"product_tag":[],"class_list":{"0":"post-85639","1":"product","2":"type-product","3":"status-publish","4":"has-post-thumbnail","6":"product_cat-maquillage","7":"product_cat-visage","8":"product_cat-fonds-de-teint-visage-2","9":"desktop-align-left","10":"tablet-align-left","11":"mobile-align-left","13":"first","14":"instock","15":"sale","16":"shipping-taxable","17":"purchasable","18":"product-type-variable","19":"has-default-attributes"},"acf":{"quantite":"28 ml","fabrication":"FABRIQUE EN ITALIE","validite":"12 Mois","image1":null,"image2":null,"image3":null,"resultats":"L'efficacit\u00e9 hydratante* rencontre la performance lissante. Le r\u00e9sultat\u00a0: une peau de r\u00eave, au teint homog\u00e8ne et \u00e0 l'aspect sublim\u00e9.","comment":"Appliquez le produit \u00e0 l'aide du pinceau Face 04 Brush ou d'une \u00e9ponge \u00e0 fond de teint fluide sur une peau propre, en estompant vers l'ext\u00e9rieur du visage et du cou.","ingredients":"INGREDIENTS: AQUA (WATER\/EAU), SQUALANE, ISOAMYL LAURATE, GLYCERIN, PROPANEDIOL, COCO-CAPRYLATE\/CAPRATE, POLYGLYCERYL-3 DIISOSTEARAT E, PENTYLENE GLYCOL, DISTEARDIMONIUM HECTORITE, MICA, NIACINAMIDE, POLYGLYCERYL-3 POLYRICINOLEATE, SORBITAN ISOSTEARATE, ETHYL OLEAT E, ETHYL STEARATE, PARFUM (FRAGRANCE), GLYCERYL CAPRYLATE\/CAPRATE, CAPRYLIC\/CAPRIC TRIGLYCERIDE, ALUMINUM HYDROXIDE, BUTYROSPERMUM P ARKII BUTTER UNSAPONIFIABLES (BUTYROSPERMUM PARKII (SHEA BUTTER) UNSAPONIFIABLES), ETHYL LINOLEATE, ETHYL PALMITATE, HYALURONIC ACID , TOCOPHERYL ACETATE, ROSA CENTIFOLIA FLOWER WATER (ROSA CENTIFOLIA (CABBAGE ROSE) FLOWER WATER), SODIUM LAUROYL GLUTAMATE, PISTACIA  LENTISCUS GUM (PISTACIA LENTISCUS (MASTIC) GUM), LECITHIN, LYSINE, MAGNESIUM CHLORIDE, TOCOPHEROL, BENZYL ALCOHOL, SODIUM BENZOATE,  POTASSIUM SORBATE. +\/- (MAY CONTAIN): CI 77891 (TITANIUM DIOXIDE), CI 77492 - 77491 - 77499 (IRON OXIDES).","mise_au_rebut":"","VariantFamilyCode":"","reference":"","date_derniere_sync_navision":null,"_is_synced_navision":false},"_links":{"self":[{"href":"https:\/\/kikotest.gali-link.com\/Kiko\/wp-json\/wp\/v2\/product\/85639","targetHints":{"allow":["GET"]}}],"collection":[{"href":"https:\/\/kikotest.gali-link.com\/Kiko\/wp-json\/wp\/v2\/product"}],"about":[{"href":"https:\/\/kikotest.gali-link.com\/Kiko\/wp-json\/wp\/v2\/types\/product"}],"replies":[{"embeddable":true,"href":"https:\/\/kikotest.gali-link.com\/Kiko\/wp-json\/wp\/v2\/comments?post=85639"}],"wp:featuredmedia":[{"embeddable":true,"href":"https:\/\/kikotest.gali-link.com\/Kiko\/wp-json\/wp\/v2\/media\/98227"}],"wp:attachment":[{"href":"https:\/\/kikotest.gali-link.com\/Kiko\/wp-json\/wp\/v2\/media?parent=85639"}],"wp:term":[{"taxonomy":"product_brand","embeddable":true,"href":"https:\/\/kikotest.gali-link.com\/Kiko\/wp-json\/wp\/v2\/product_brand?post=85639"},{"taxonomy":"product_cat","embeddable":true,"href":"https:\/\/kikotest.gali-link.com\/Kiko\/wp-json\/wp\/v2\/product_cat?post=85639"},{"taxonomy":"product_tag","embeddable":true,"href":"https:\/\/kikotest.gali-link.com\/Kiko\/wp-json\/wp\/v2\/product_tag?post=85639"}],"curies":[{"name":"wp","href":"https:\/\/api.w.org\/{rel}","templated":true}]}}