
{"id":86282,"date":"2025-12-23T15:20:14","date_gmt":"2025-12-23T14:20:14","guid":{"rendered":"https:\/\/kikotest.gali-link.com\/Kiko\/?post_type=product&#038;p=86282"},"modified":"2026-02-24T13:18:08","modified_gmt":"2026-02-24T12:18:08","slug":"snow-kissed-holiday-mountain-twins-eyeshadow","status":"publish","type":"product","link":"https:\/\/kikotest.gali-link.com\/Kiko\/produit\/snow-kissed-holiday-mountain-twins-eyeshadow\/","title":{"rendered":"Snow-Kissed Holiday Mountain Twins Eyeshadow"},"content":{"rendered":"<p>Une danse de reflets pr\u00e9cieux et de douces nuances velout\u00e9es pour envo\u00b9ter \u00e0 chaque regard. Un magnifique duo d&rsquo;ombres \u00e0 paupi\u00e8res pour mettre en valeur vos yeux avec un maquillage unique pour les F\u00eates. Vous allez les adorer?: -Leurs textures soyeuses et tr\u00e8s agr\u00e9ables sur les paupi\u00e8res, pour une sensation de confort absolu. -Leurs deux teintes tendance et ultra-pigment\u00e9es au fini mat et brillant, \u00e0 choisir et \u00e0 combiner pour cr\u00e9er des looks minimalistes ou audacieux. -Elles s&rsquo;estompent parfaitement. -Son miroir int\u00e9gr\u00e9, pour une maniabilit\u00e9 et une praticit\u00e9 maximales, m\u00eame en d\u00e9placement.<\/p>\n","protected":false},"excerpt":{"rendered":"<p>Palette de deux ombres \u00e0 paupi\u00e8res aux finis mat et m\u00e9tallis\u00e9<\/p>\n","protected":false},"featured_media":95246,"comment_status":"open","ping_status":"closed","template":"","meta":{"_acf_changed":false,"site-sidebar-layout":"default","site-content-layout":"","ast-site-content-layout":"default","site-content-style":"default","site-sidebar-style":"default","ast-global-header-display":"","ast-banner-title-visibility":"","ast-main-header-display":"","ast-hfb-above-header-display":"","ast-hfb-below-header-display":"","ast-hfb-mobile-header-display":"","site-post-title":"","ast-breadcrumbs-content":"","ast-featured-img":"","footer-sml-layout":"","theme-transparent-header-meta":"","adv-header-id-meta":"","stick-header-meta":"","header-above-stick-meta":"","header-main-stick-meta":"","header-below-stick-meta":"","astra-migrate-meta-layouts":"set","ast-page-background-enabled":"default","ast-page-background-meta":{"desktop":{"background-color":"var(--ast-global-color-4)","background-image":"","background-repeat":"repeat","background-position":"center center","background-size":"auto","background-attachment":"scroll","background-type":"","background-media":"","overlay-type":"","overlay-color":"","overlay-opacity":"","overlay-gradient":""},"tablet":{"background-color":"","background-image":"","background-repeat":"repeat","background-position":"center center","background-size":"auto","background-attachment":"scroll","background-type":"","background-media":"","overlay-type":"","overlay-color":"","overlay-opacity":"","overlay-gradient":""},"mobile":{"background-color":"","background-image":"","background-repeat":"repeat","background-position":"center center","background-size":"auto","background-attachment":"scroll","background-type":"","background-media":"","overlay-type":"","overlay-color":"","overlay-opacity":"","overlay-gradient":""}},"ast-content-background-meta":{"desktop":{"background-color":"var(--ast-global-color-5)","background-image":"","background-repeat":"repeat","background-position":"center center","background-size":"auto","background-attachment":"scroll","background-type":"","background-media":"","overlay-type":"","overlay-color":"","overlay-opacity":"","overlay-gradient":""},"tablet":{"background-color":"var(--ast-global-color-5)","background-image":"","background-repeat":"repeat","background-position":"center center","background-size":"auto","background-attachment":"scroll","background-type":"","background-media":"","overlay-type":"","overlay-color":"","overlay-opacity":"","overlay-gradient":""},"mobile":{"background-color":"var(--ast-global-color-5)","background-image":"","background-repeat":"repeat","background-position":"center center","background-size":"auto","background-attachment":"scroll","background-type":"","background-media":"","overlay-type":"","overlay-color":"","overlay-opacity":"","overlay-gradient":""}}},"product_brand":[],"product_cat":[15401,15402,15531],"product_tag":[],"class_list":{"0":"post-86282","1":"product","2":"type-product","3":"status-publish","4":"has-post-thumbnail","6":"product_cat-maquillage","7":"product_cat-yeux","8":"product_cat-ombres-a-paupieres","9":"desktop-align-left","10":"tablet-align-left","11":"mobile-align-left","13":"first","14":"instock","15":"sale","16":"shipping-taxable","17":"purchasable","18":"product-type-variable","19":"has-default-attributes"},"acf":{"quantite":"2 g","fabrication":"FABRIQUE EN ITALIE","validite":"18 Mois","image1":null,"image2":null,"image3":null,"resultats":"La palette parfaite pour r\u00e9aliser des looks des yeux au fini pr\u00e9cieux, effet bijou, et exp\u00e9rimenter chaque jour des jeux de lumi\u00e8re et de couleur sophistiqu\u00e9s.","comment":"Appliquez et estompez les ombres directement sur les paupi\u00e8res. Pour un r\u00e9sultat pr\u00e9cis et impeccable, utilisez un pinceau pour les yeux.","ingredients":"","mise_au_rebut":"","VariantFamilyCode":"","reference":"","date_derniere_sync_navision":null,"_is_synced_navision":false},"_links":{"self":[{"href":"https:\/\/kikotest.gali-link.com\/Kiko\/wp-json\/wp\/v2\/product\/86282","targetHints":{"allow":["GET"]}}],"collection":[{"href":"https:\/\/kikotest.gali-link.com\/Kiko\/wp-json\/wp\/v2\/product"}],"about":[{"href":"https:\/\/kikotest.gali-link.com\/Kiko\/wp-json\/wp\/v2\/types\/product"}],"replies":[{"embeddable":true,"href":"https:\/\/kikotest.gali-link.com\/Kiko\/wp-json\/wp\/v2\/comments?post=86282"}],"wp:featuredmedia":[{"embeddable":true,"href":"https:\/\/kikotest.gali-link.com\/Kiko\/wp-json\/wp\/v2\/media\/95246"}],"wp:attachment":[{"href":"https:\/\/kikotest.gali-link.com\/Kiko\/wp-json\/wp\/v2\/media?parent=86282"}],"wp:term":[{"taxonomy":"product_brand","embeddable":true,"href":"https:\/\/kikotest.gali-link.com\/Kiko\/wp-json\/wp\/v2\/product_brand?post=86282"},{"taxonomy":"product_cat","embeddable":true,"href":"https:\/\/kikotest.gali-link.com\/Kiko\/wp-json\/wp\/v2\/product_cat?post=86282"},{"taxonomy":"product_tag","embeddable":true,"href":"https:\/\/kikotest.gali-link.com\/Kiko\/wp-json\/wp\/v2\/product_tag?post=86282"}],"curies":[{"name":"wp","href":"https:\/\/api.w.org\/{rel}","templated":true}]}}