
{"id":86396,"date":"2025-12-23T15:21:55","date_gmt":"2025-12-23T14:21:55","guid":{"rendered":"https:\/\/kikotest.gali-link.com\/Kiko\/?post_type=product&#038;p=86396"},"modified":"2026-02-24T13:18:46","modified_gmt":"2026-02-24T12:18:46","slug":"stardust-eyeshadow","status":"publish","type":"product","link":"https:\/\/kikotest.gali-link.com\/Kiko\/produit\/stardust-eyeshadow\/","title":{"rendered":"Stardust Eyeshadow"},"content":{"rendered":"<p>Ombre \u00e0 paupi\u00e8res en gel \u00e0 paillettes biod\u00e9gradables*. Parfait pour: donner aux yeux un \u00e9clat extraordinaire avec des couleurs tendance. Ses particularit\u00e9s: &#8211; Sa formule est enrichie en huiles de ricin et d&rsquo;olive. &#8211; Sa texture gel adh\u00e8re parfaitement aux paupi\u00e8res, procurant une agr\u00e9able sensation de confort. &#8211; Elle contient des paillettes biod\u00e9gradables*. &#8211; Elle est facile \u00e0 appliquer et \u00e0 estomper, permettant de cr\u00e9er un r\u00e9sultat modulable de l\u00e9ger \u00e0 intense. &#8211; Elle peut \u00eatre utilis\u00e9e comme ombre \u00e0 paupi\u00e8res, eye-liner pour l&rsquo;ext\u00e9rieur de l&rsquo;\u00a3il ou top coat.<\/p>\n","protected":false},"excerpt":{"rendered":"<p>Ombre \u00e0 paupi\u00e8res en gel \u00e0 paillettes biod\u00e9gradables<\/p>\n","protected":false},"featured_media":100563,"comment_status":"open","ping_status":"closed","template":"","meta":{"_acf_changed":false,"site-sidebar-layout":"default","site-content-layout":"","ast-site-content-layout":"default","site-content-style":"default","site-sidebar-style":"default","ast-global-header-display":"","ast-banner-title-visibility":"","ast-main-header-display":"","ast-hfb-above-header-display":"","ast-hfb-below-header-display":"","ast-hfb-mobile-header-display":"","site-post-title":"","ast-breadcrumbs-content":"","ast-featured-img":"","footer-sml-layout":"","theme-transparent-header-meta":"","adv-header-id-meta":"","stick-header-meta":"","header-above-stick-meta":"","header-main-stick-meta":"","header-below-stick-meta":"","astra-migrate-meta-layouts":"set","ast-page-background-enabled":"default","ast-page-background-meta":{"desktop":{"background-color":"var(--ast-global-color-4)","background-image":"","background-repeat":"repeat","background-position":"center center","background-size":"auto","background-attachment":"scroll","background-type":"","background-media":"","overlay-type":"","overlay-color":"","overlay-opacity":"","overlay-gradient":""},"tablet":{"background-color":"","background-image":"","background-repeat":"repeat","background-position":"center center","background-size":"auto","background-attachment":"scroll","background-type":"","background-media":"","overlay-type":"","overlay-color":"","overlay-opacity":"","overlay-gradient":""},"mobile":{"background-color":"","background-image":"","background-repeat":"repeat","background-position":"center center","background-size":"auto","background-attachment":"scroll","background-type":"","background-media":"","overlay-type":"","overlay-color":"","overlay-opacity":"","overlay-gradient":""}},"ast-content-background-meta":{"desktop":{"background-color":"var(--ast-global-color-5)","background-image":"","background-repeat":"repeat","background-position":"center center","background-size":"auto","background-attachment":"scroll","background-type":"","background-media":"","overlay-type":"","overlay-color":"","overlay-opacity":"","overlay-gradient":""},"tablet":{"background-color":"var(--ast-global-color-5)","background-image":"","background-repeat":"repeat","background-position":"center center","background-size":"auto","background-attachment":"scroll","background-type":"","background-media":"","overlay-type":"","overlay-color":"","overlay-opacity":"","overlay-gradient":""},"mobile":{"background-color":"var(--ast-global-color-5)","background-image":"","background-repeat":"repeat","background-position":"center center","background-size":"auto","background-attachment":"scroll","background-type":"","background-media":"","overlay-type":"","overlay-color":"","overlay-opacity":"","overlay-gradient":""}}},"product_brand":[],"product_cat":[15401,15402,15531],"product_tag":[],"class_list":{"0":"post-86396","1":"product","2":"type-product","3":"status-publish","4":"has-post-thumbnail","6":"product_cat-maquillage","7":"product_cat-yeux","8":"product_cat-ombres-a-paupieres","9":"desktop-align-left","10":"tablet-align-left","11":"mobile-align-left","13":"first","14":"instock","15":"sale","16":"shipping-taxable","17":"purchasable","18":"product-type-variable","19":"has-default-attributes"},"acf":{"quantite":"3,5 g","fabrication":"FABRIQUE EN ITALIE","validite":"18 Mois","image1":null,"image2":null,"image3":null,"resultats":"Le regard est sublim\u00e9 par des couleurs tendance scintillantes pour un r\u00e9sultat \u00e9poustouflant.","comment":"Appliquez le produit avec un pinceau pour les yeux comme le EYE BRUSH51 de KIKO MILANO. Pour un effet plus intense, appliquez-le avec les doigts en tapotant d\u00e9licatement sur les paupi\u00e8res. Pour une brillance extr\u00eame, appliquez le produit en top coat sur une ombre \u00e0 paupi\u00e8res en poudre.","ingredients":"INGREDIENTS: ISODODECANE, RAYON, DISTEARDIMONIUM HECTORITE, DIMETHICONE, GLYCERIN, PULLULAN, PENTYLENE GLYCOL, RICINUS COMMUNIS SEED  OIL (RICINUS COMMUNIS (CASTOR) SEED OIL), SUCROSE TETRASTEARATE TRIACETATE, TRIMETHYLSILOXYSILICATE, DIMER DILINOLEYL DIMER DILINOL EATE, UREA, PROPYLENE CARBONATE, DIMETHICONE CROSSPOLYMER, GLYCERYL CAPRYLATE\/CAPRATE, OLEA EUROPAEA FRUIT OIL (OLEA EUROPAEA (OLIVE ) FRUIT OIL), CERA ALBA (BEESWAX\/CIRE D'ABEILLE), DIMETHICONE\/VINYL DIMETHICONE CROSSPOLYMER, SILICA, SILICA SILYLATE.  +\/- (MAY CON TAIN): CI 77000 (ALUMINUM POWDER).","mise_au_rebut":"","VariantFamilyCode":"","reference":"","date_derniere_sync_navision":null,"_is_synced_navision":false},"_links":{"self":[{"href":"https:\/\/kikotest.gali-link.com\/Kiko\/wp-json\/wp\/v2\/product\/86396","targetHints":{"allow":["GET"]}}],"collection":[{"href":"https:\/\/kikotest.gali-link.com\/Kiko\/wp-json\/wp\/v2\/product"}],"about":[{"href":"https:\/\/kikotest.gali-link.com\/Kiko\/wp-json\/wp\/v2\/types\/product"}],"replies":[{"embeddable":true,"href":"https:\/\/kikotest.gali-link.com\/Kiko\/wp-json\/wp\/v2\/comments?post=86396"}],"wp:featuredmedia":[{"embeddable":true,"href":"https:\/\/kikotest.gali-link.com\/Kiko\/wp-json\/wp\/v2\/media\/100563"}],"wp:attachment":[{"href":"https:\/\/kikotest.gali-link.com\/Kiko\/wp-json\/wp\/v2\/media?parent=86396"}],"wp:term":[{"taxonomy":"product_brand","embeddable":true,"href":"https:\/\/kikotest.gali-link.com\/Kiko\/wp-json\/wp\/v2\/product_brand?post=86396"},{"taxonomy":"product_cat","embeddable":true,"href":"https:\/\/kikotest.gali-link.com\/Kiko\/wp-json\/wp\/v2\/product_cat?post=86396"},{"taxonomy":"product_tag","embeddable":true,"href":"https:\/\/kikotest.gali-link.com\/Kiko\/wp-json\/wp\/v2\/product_tag?post=86396"}],"curies":[{"name":"wp","href":"https:\/\/api.w.org\/{rel}","templated":true}]}}