
{"id":86458,"date":"2025-12-23T15:22:44","date_gmt":"2025-12-23T14:22:44","guid":{"rendered":"https:\/\/kikotest.gali-link.com\/Kiko\/?post_type=product&#038;p=86458"},"modified":"2026-02-06T12:49:43","modified_gmt":"2026-02-06T11:49:43","slug":"tote-bag-art-beauty-joy","status":"publish","type":"product","link":"https:\/\/kikotest.gali-link.com\/Kiko\/produit\/tote-bag-art-beauty-joy\/","title":{"rendered":"Tote Bag Art Beauty Joy"},"content":{"rendered":"<p>Tote bag en coton. Un mod\u00e8le unique avec une forme triangulaire irr\u00e9sistible, ultra-pratique gr\u00eace \u00e0 sa double poign\u00e9e et \u00e0 sa grande capacit\u00e9, et habill\u00e9 par les imprim\u00e9s de la collection. Les ingr\u00e9dients parfaits pour faire de ce sac un indispensable. Vous allez appr\u00e9cier: -Mat\u00e9riau doux et durable, 100?% coton recycl\u00e9. -Tr\u00e8s spacieux, il vous permet d&rsquo;avoir toujours \u00e0 port\u00e9e de main vos produits de maquillage et de soin, votre ordinateur portable et bien d&rsquo;autres choses encore. -Parfait pour \u00eatre port\u00e9 \u00e0 l&rsquo;\u00e9paule en toute occasion, en journ\u00e9e, en voyage ou pour les loisirs. -Des d\u00e9tails splendides aux couleurs vives et un design iconique qui rappelle le Manifeste de la Beaut\u00e9 de KIKO Milano.<\/p>\n","protected":false},"excerpt":{"rendered":"<p>Tote bag en coton. Un mod\u00e8le unique avec une forme triangulaire irr\u00e9sistible, ultra-pratique gr\u00eace \u00e0 sa double poign\u00e9e et \u00e0 sa grande capacit\u00e9, et habill\u00e9 par les imprim\u00e9s de la collection. Les ingr\u00e9dients parfaits pour faire de ce sac un indispensable. Vous allez appr\u00e9cier: -Mat\u00e9riau doux et durable, 100?% coton recycl\u00e9. -Tr\u00e8s spacieux, il vous permet d&rsquo;avoir toujours \u00e0 port\u00e9e de main vos produits de maquillage et de soin, votre ordinateur portable et bien d&rsquo;autres choses encore. -Parfait pour \u00eatre port\u00e9 \u00e0 l&rsquo;\u00e9paule en toute occasion, en journ\u00e9e, en voyage ou pour les loisirs. -Des d\u00e9tails splendides aux couleurs vives et un design iconique qui rappelle le Manifeste de la Beaut\u00e9 de KIKO Milano.<\/p>\n","protected":false},"featured_media":92924,"comment_status":"open","ping_status":"closed","template":"","meta":{"_acf_changed":false,"site-sidebar-layout":"default","site-content-layout":"","ast-site-content-layout":"default","site-content-style":"default","site-sidebar-style":"default","ast-global-header-display":"","ast-banner-title-visibility":"","ast-main-header-display":"","ast-hfb-above-header-display":"","ast-hfb-below-header-display":"","ast-hfb-mobile-header-display":"","site-post-title":"","ast-breadcrumbs-content":"","ast-featured-img":"","footer-sml-layout":"","theme-transparent-header-meta":"","adv-header-id-meta":"","stick-header-meta":"","header-above-stick-meta":"","header-main-stick-meta":"","header-below-stick-meta":"","astra-migrate-meta-layouts":"set","ast-page-background-enabled":"default","ast-page-background-meta":{"desktop":{"background-color":"var(--ast-global-color-4)","background-image":"","background-repeat":"repeat","background-position":"center center","background-size":"auto","background-attachment":"scroll","background-type":"","background-media":"","overlay-type":"","overlay-color":"","overlay-opacity":"","overlay-gradient":""},"tablet":{"background-color":"","background-image":"","background-repeat":"repeat","background-position":"center center","background-size":"auto","background-attachment":"scroll","background-type":"","background-media":"","overlay-type":"","overlay-color":"","overlay-opacity":"","overlay-gradient":""},"mobile":{"background-color":"","background-image":"","background-repeat":"repeat","background-position":"center center","background-size":"auto","background-attachment":"scroll","background-type":"","background-media":"","overlay-type":"","overlay-color":"","overlay-opacity":"","overlay-gradient":""}},"ast-content-background-meta":{"desktop":{"background-color":"var(--ast-global-color-5)","background-image":"","background-repeat":"repeat","background-position":"center center","background-size":"auto","background-attachment":"scroll","background-type":"","background-media":"","overlay-type":"","overlay-color":"","overlay-opacity":"","overlay-gradient":""},"tablet":{"background-color":"var(--ast-global-color-5)","background-image":"","background-repeat":"repeat","background-position":"center center","background-size":"auto","background-attachment":"scroll","background-type":"","background-media":"","overlay-type":"","overlay-color":"","overlay-opacity":"","overlay-gradient":""},"mobile":{"background-color":"var(--ast-global-color-5)","background-image":"","background-repeat":"repeat","background-position":"center center","background-size":"auto","background-attachment":"scroll","background-type":"","background-media":"","overlay-type":"","overlay-color":"","overlay-opacity":"","overlay-gradient":""}}},"product_brand":[],"product_cat":[15514,15515],"product_tag":[],"class_list":{"0":"post-86458","1":"product","2":"type-product","3":"status-publish","4":"has-post-thumbnail","6":"product_cat-accessoires","7":"product_cat-trousses-maquillage","8":"desktop-align-left","9":"tablet-align-left","10":"mobile-align-left","12":"first","13":"instock","14":"sale","15":"shipping-taxable","16":"purchasable","17":"product-type-simple"},"acf":{"quantite":"0 g","fabrication":"FABRIQUE EN CHINE","validite":"0 Mois","image1":null,"image2":null,"image3":null,"resultats":"","comment":"","ingredients":"","mise_au_rebut":"","VariantFamilyCode":"","reference":"","date_derniere_sync_navision":null,"_is_synced_navision":false},"_links":{"self":[{"href":"https:\/\/kikotest.gali-link.com\/Kiko\/wp-json\/wp\/v2\/product\/86458","targetHints":{"allow":["GET"]}}],"collection":[{"href":"https:\/\/kikotest.gali-link.com\/Kiko\/wp-json\/wp\/v2\/product"}],"about":[{"href":"https:\/\/kikotest.gali-link.com\/Kiko\/wp-json\/wp\/v2\/types\/product"}],"replies":[{"embeddable":true,"href":"https:\/\/kikotest.gali-link.com\/Kiko\/wp-json\/wp\/v2\/comments?post=86458"}],"wp:featuredmedia":[{"embeddable":true,"href":"https:\/\/kikotest.gali-link.com\/Kiko\/wp-json\/wp\/v2\/media\/92924"}],"wp:attachment":[{"href":"https:\/\/kikotest.gali-link.com\/Kiko\/wp-json\/wp\/v2\/media?parent=86458"}],"wp:term":[{"taxonomy":"product_brand","embeddable":true,"href":"https:\/\/kikotest.gali-link.com\/Kiko\/wp-json\/wp\/v2\/product_brand?post=86458"},{"taxonomy":"product_cat","embeddable":true,"href":"https:\/\/kikotest.gali-link.com\/Kiko\/wp-json\/wp\/v2\/product_cat?post=86458"},{"taxonomy":"product_tag","embeddable":true,"href":"https:\/\/kikotest.gali-link.com\/Kiko\/wp-json\/wp\/v2\/product_tag?post=86458"}],"curies":[{"name":"wp","href":"https:\/\/api.w.org\/{rel}","templated":true}]}}