
{"id":86503,"date":"2025-12-23T15:23:17","date_gmt":"2025-12-23T14:23:17","guid":{"rendered":"https:\/\/kikotest.gali-link.com\/Kiko\/?post_type=product&#038;p=86503"},"modified":"2026-02-06T12:50:11","modified_gmt":"2026-02-06T11:50:11","slug":"universal-veil-translucent-finishing-powder","status":"publish","type":"product","link":"https:\/\/kikotest.gali-link.com\/Kiko\/produit\/universal-veil-translucent-finishing-powder\/","title":{"rendered":"Universal Veil Translucent Finishing Powder"},"content":{"rendered":"<p>Poudre fixatrice matifiante. Parfaite pour: lisser l&rsquo;aspect de la peau avec un fini mat extraordinaire et am\u00e9liorer la tenue du maquillage. Ses particularit\u00e9s: &#8211; Sa formule pr\u00e9cieuse est enrichie en karit\u00e9 et en poudre de diamant. &#8211; Sa texture soyeuse et innovante contient des micro-perles r\u00e9fl\u00e9chissantes qui subliment le visage d&rsquo;un effet floutant. &#8211; Transparente, compacte et ultra-l\u00e9g\u00e8re, elle s&rsquo;adapte \u00e0 toutes les carnations. &#8211; Son parfum d\u00e9gage d&rsquo;agr\u00e9ables notes d&rsquo;agrumes. &#8211; Agr\u00e9able \u00e0 porter, elle est extr\u00eamement facile \u00e0 appliquer et id\u00e9ale pour les retouches gr\u00eace \u00e0 son miroir int\u00e9gr\u00e9.<\/p>\n","protected":false},"excerpt":{"rendered":"<p>Poudre fixatrice matifiante<\/p>\n","protected":false},"featured_media":93329,"comment_status":"open","ping_status":"closed","template":"","meta":{"_acf_changed":false,"site-sidebar-layout":"default","site-content-layout":"","ast-site-content-layout":"default","site-content-style":"default","site-sidebar-style":"default","ast-global-header-display":"","ast-banner-title-visibility":"","ast-main-header-display":"","ast-hfb-above-header-display":"","ast-hfb-below-header-display":"","ast-hfb-mobile-header-display":"","site-post-title":"","ast-breadcrumbs-content":"","ast-featured-img":"","footer-sml-layout":"","theme-transparent-header-meta":"","adv-header-id-meta":"","stick-header-meta":"","header-above-stick-meta":"","header-main-stick-meta":"","header-below-stick-meta":"","astra-migrate-meta-layouts":"set","ast-page-background-enabled":"default","ast-page-background-meta":{"desktop":{"background-color":"var(--ast-global-color-4)","background-image":"","background-repeat":"repeat","background-position":"center center","background-size":"auto","background-attachment":"scroll","background-type":"","background-media":"","overlay-type":"","overlay-color":"","overlay-opacity":"","overlay-gradient":""},"tablet":{"background-color":"","background-image":"","background-repeat":"repeat","background-position":"center center","background-size":"auto","background-attachment":"scroll","background-type":"","background-media":"","overlay-type":"","overlay-color":"","overlay-opacity":"","overlay-gradient":""},"mobile":{"background-color":"","background-image":"","background-repeat":"repeat","background-position":"center center","background-size":"auto","background-attachment":"scroll","background-type":"","background-media":"","overlay-type":"","overlay-color":"","overlay-opacity":"","overlay-gradient":""}},"ast-content-background-meta":{"desktop":{"background-color":"var(--ast-global-color-5)","background-image":"","background-repeat":"repeat","background-position":"center center","background-size":"auto","background-attachment":"scroll","background-type":"","background-media":"","overlay-type":"","overlay-color":"","overlay-opacity":"","overlay-gradient":""},"tablet":{"background-color":"var(--ast-global-color-5)","background-image":"","background-repeat":"repeat","background-position":"center center","background-size":"auto","background-attachment":"scroll","background-type":"","background-media":"","overlay-type":"","overlay-color":"","overlay-opacity":"","overlay-gradient":""},"mobile":{"background-color":"var(--ast-global-color-5)","background-image":"","background-repeat":"repeat","background-position":"center center","background-size":"auto","background-attachment":"scroll","background-type":"","background-media":"","overlay-type":"","overlay-color":"","overlay-opacity":"","overlay-gradient":""}}},"product_brand":[],"product_cat":[15401,19154,19165],"product_tag":[],"class_list":{"0":"post-86503","1":"product","2":"type-product","3":"status-publish","4":"has-post-thumbnail","6":"product_cat-maquillage","7":"product_cat-visage","8":"product_cat-base-de-teint-et-fixateurs-visage-2","9":"desktop-align-left","10":"tablet-align-left","11":"mobile-align-left","13":"first","14":"instock","15":"shipping-taxable","16":"purchasable","17":"product-type-simple"},"acf":{"quantite":"9,7 g","fabrication":"FABRIQUE EN ITALIE","validite":"18 Mois","image1":null,"image2":null,"image3":null,"resultats":"Le teint est sublim\u00e9 et illumin\u00e9 en un simple geste. Gr\u00e2ce \u00e0 son fini transparent, la poudre n'alt\u00e8re pas le maquillage et \u00e9vite l'effet masque.","comment":"1. Pr\u00e9levez la poudre en effectuant des mouvements circulaires avec un pinceau comme le Kabuki Brush Face 16 de KIKO MILANO. 2. Appliquez la poudre de fa\u00e7on uniforme sur tout le visage \u00e0 l'aide de d\u00e9licats mouvements allant du milieu vers l'ext\u00e9rieur, du front vers le cou.","ingredients":"INGREDIENTS: TALC, MICA, ZINC STEARATE, SILICA, CELLULOSE, LAUROYL LYSINE, ISONONYL ISONONANOATE, DIMETHICONE, SYNTHETIC FLUORPHLOGO PITE, POLYMETHYLSILSESQUIOXANE, OCTYLDODECYL STEAROYL STEARATE, HDI\/TRIMETHYLOL HEXYLLACTONE CROSSPOLYMER, VINYL DIMETHICONE\/ METHIC ONE SILSESQUIOXANE CROSSPOLYMER, BUTYROSPERMUM PARKII BUTTER (BUTYROSPERMUM PARKII (SHEA) BUTTER), PARFUM (FRAGRANCE), C20-24 ALKYL DIMETHICONE, SODIUM DEHYDROACETATE, CAPRYLYL GLYCOL, PHENOXYETHANOL, HEXYLENE GLYCOL, LIMONENE, TRIMETHYLSILOXYSILICATE, CITRAL, MEN THA VIRIDIS LEAF OIL\t (MENTHA VIRIDIS (SPEARMINT) LEAF OIL), CARVONE, LINALOOL, PINENE, TERPINEOL.","mise_au_rebut":"","VariantFamilyCode":"","reference":"","date_derniere_sync_navision":null,"_is_synced_navision":false},"_links":{"self":[{"href":"https:\/\/kikotest.gali-link.com\/Kiko\/wp-json\/wp\/v2\/product\/86503","targetHints":{"allow":["GET"]}}],"collection":[{"href":"https:\/\/kikotest.gali-link.com\/Kiko\/wp-json\/wp\/v2\/product"}],"about":[{"href":"https:\/\/kikotest.gali-link.com\/Kiko\/wp-json\/wp\/v2\/types\/product"}],"replies":[{"embeddable":true,"href":"https:\/\/kikotest.gali-link.com\/Kiko\/wp-json\/wp\/v2\/comments?post=86503"}],"wp:featuredmedia":[{"embeddable":true,"href":"https:\/\/kikotest.gali-link.com\/Kiko\/wp-json\/wp\/v2\/media\/93329"}],"wp:attachment":[{"href":"https:\/\/kikotest.gali-link.com\/Kiko\/wp-json\/wp\/v2\/media?parent=86503"}],"wp:term":[{"taxonomy":"product_brand","embeddable":true,"href":"https:\/\/kikotest.gali-link.com\/Kiko\/wp-json\/wp\/v2\/product_brand?post=86503"},{"taxonomy":"product_cat","embeddable":true,"href":"https:\/\/kikotest.gali-link.com\/Kiko\/wp-json\/wp\/v2\/product_cat?post=86503"},{"taxonomy":"product_tag","embeddable":true,"href":"https:\/\/kikotest.gali-link.com\/Kiko\/wp-json\/wp\/v2\/product_tag?post=86503"}],"curies":[{"name":"wp","href":"https:\/\/api.w.org\/{rel}","templated":true}]}}